{"id":58845,"date":"2016-12-13T21:22:34","date_gmt":"2016-12-13T21:22:34","guid":{"rendered":"http:\/\/s668976472.mialojamiento.es\/legal-notice\/"},"modified":"2017-03-27T10:15:05","modified_gmt":"2017-03-27T09:15:05","slug":"%d0%bd%d0%b0%d0%b4%d0%bb%d0%b5%d0%b6%d0%b0%d1%89%d0%b5%d0%b5-%d1%83%d0%b2%d0%b5%d0%b4%d0%be%d0%bc%d0%bb%d0%b5%d0%bd%d0%b8%d0%b5","status":"publish","type":"page","link":"https:\/\/marbellainstyle.com\/ru\/%d0%bd%d0%b0%d0%b4%d0%bb%d0%b5%d0%b6%d0%b0%d1%89%d0%b5%d0%b5-%d1%83%d0%b2%d0%b5%d0%b4%d0%be%d0%bc%d0%bb%d0%b5%d0%bd%d0%b8%d0%b5\/","title":{"rendered":"\u043d\u0430\u0434\u043b\u0435\u0436\u0430\u0449\u0435\u0435 \u0443\u0432\u0435\u0434\u043e\u043c\u043b\u0435\u043d\u0438\u0435"},"content":{"rendered":"<div class=\"wpb-content-wrapper\"><p>[vc_row row_height_percent=&#187;0&#8243; override_padding=&#187;yes&#187; h_padding=&#187;2&#8243; top_padding=&#187;4&#8243; bottom_padding=&#187;0&#8243; overlay_alpha=&#187;50&#8243; gutter_size=&#187;3&#8243; shift_y=&#187;0&#8243;][vc_column column_width_percent=&#187;100&#8243; overlay_alpha=&#187;50&#8243; gutter_size=&#187;3&#8243; medium_width=&#187;0&#8243; shift_x=&#187;0&#8243; shift_y=&#187;0&#8243; z_index=&#187;0&#8243;][vc_custom_heading text_space=&#187;fontspace-210350&#8243; text_weight=&#187;600&#8243; text_transform=&#187;uppercase&#187; separator=&#187;yes&#187; separator_color=&#187;yes&#187; sub_reduced=&#187;yes&#187;]\u043d\u0430\u0434\u043b\u0435\u0436\u0430\u0449\u0435\u0435 \u0443\u0432\u0435\u0434\u043e\u043c\u043b\u0435\u043d\u0438\u0435[\/vc_custom_heading][\/vc_column][\/vc_row][vc_row row_height_percent=&#187;0&#8243; override_padding=&#187;yes&#187; h_padding=&#187;2&#8243; top_padding=&#187;2&#8243; bottom_padding=&#187;4&#8243; overlay_alpha=&#187;50&#8243; gutter_size=&#187;3&#8243; shift_y=&#187;0&#8243;][vc_column column_width_percent=&#187;100&#8243; overlay_alpha=&#187;50&#8243; gutter_size=&#187;3&#8243; medium_width=&#187;0&#8243; shift_x=&#187;0&#8243; shift_y=&#187;0&#8243; z_index=&#187;0&#8243;][vc_column_text]<\/p>\n<h4>CONDICIONES GENERALES DE USO DE ESTE SITIO WEB<\/h4>\n<p>MS TRAVEL &amp; LIFESTYLE SL (EN ADELANTE EL PROPIETARIO) con domicilio a efectos de notificaciones en Avd. Boulevard Principe Alfonso de Hohenlohe 20, Centro Comercial el Capricho, Oficina 19, CP 29602 Marbella (M\u00e1laga) con CIF B93449502\u00a0pone a disposici\u00f3n en su sitio web <strong>www.marbellainstyle.com<\/strong> determinados contenidos de car\u00e1cter informativo sobre sus actividades. Las presentes condiciones generales rigen \u00fanica y exclusivamente el uso del sitio web de EL PROPIETARIO por parte de los USUARIOS que accedan al mismo. Las presentes condiciones generales se le exponen al USUARIO en el sitio web <strong>www.marbellainstyle.com<\/strong> en todas y cada una de las p\u00e1ginas, para que las lea, las imprima, archive y acepte a trav\u00e9s de internet y se encuentre plenamente informado. El acceso al sitio web de EL PROPIETARIO implica sin reservas la aceptaci\u00f3n de las presentes condiciones generales de uso que el USUARIO afirma comprender en su totalidad. El USUARIO se compromete no a utilizar el sitio web y los servicios que se ofrecen en el mismo para la realizaci\u00f3n de actividades contrarias a la ley y a respetar en todo momento las presentes condiciones generales.<\/p>\n<h4>AGENCIA DE VIAJES ONLINE<\/h4>\n<p><strong>Marbella in Style<\/strong> se encuentra inscrita como AGENCIA DE VIAJES MINORISTA en el Registro de Turismo de Andaluc\u00eda:<\/p>\n<p class=\"rtecenter\"><strong>No. RTA. (CIAN): 296381-2<\/strong><\/p>\n<h4>AGENCIA DE VIAJES ONLINE<\/h4>\n<p><strong>Marbella in Style<\/strong>\u00a0ha suscrito los seguros de Responsabilidad Civil exigidos por la ley con Catalana Occidente S.A.:<\/p>\n<p class=\"rtecenter\"><strong>N-5.623.654-M<\/strong><\/p>\n<h4>MARCA REGISTRADA<\/h4>\n<p><strong>Marbella in Style<\/strong> y el logotipo de <strong>Marbella in Style<\/strong> son marcas registradas de EL PROPIETARIO.<\/p>\n<p class=\"rtecenter\"><strong>Marca Registrada N\u00ba.3.092.055<\/strong><\/p>\n<p>La utilizaci\u00f3n de estas marcas requiere la autorizaci\u00f3n expresa de EL PROPIETARIO as\u00ed como un contrato de licencia. El uso no autorizado de estas marcas u otras marcas registradas de EL PROPIETARIO podr\u00eda ser objeto de procedimiento judicial en la m\u00e1xima medida posible contemplada por la ley. Para solicitar dicha autorizaci\u00f3n por escrito, p\u00f3ngase en contacto a trav\u00e9s del apartado &#171;Contacto&#187;.<\/p>\n<h4>PRIMERA.- CONDICIONES DE ACCESO Y USO<\/h4>\n<p><strong>1.1.<\/strong> La utilizaci\u00f3n del sitio web de EL PROPIETARIO, no conlleva la obligatoriedad de inscripci\u00f3n del USUARIO. Las condiciones de acceso y uso del presente sitio web se rigen estrictamente por la legalidad vigente y por el principio de buena fe comprometi\u00e9ndose el USUARIO a realizar un buen uso de la web. Quedan prohibidos todos los actos que vulneren la legalidad, derechos o intereses de terceros: derecho a la intimidad, protecci\u00f3n de datos, propiedad intelectual etc. Expresamente EL PROPIETARIO proh\u00edbe los siguientes:<\/p>\n<blockquote><p>1.1.1.- Realizar acciones que puedan producir en el sitio web o a trav\u00e9s del mismo por cualquier medio cualquier tipo de da\u00f1o a los sistemas de EL PROPIETARIO o a terceros.<br \/>\n1.1.2.- Realizar sin la debida autorizaci\u00f3n cualquier tipo de publicidad o informaci\u00f3n comercial directamente o de forma encubierta, el env\u00edo de correos masivos (&#171;spaming&#187;) o env\u00edo de grandes cantidades de informaci\u00f3n con el fin de bloquear servidores de la red.<\/p><\/blockquote>\n<p><strong>1.2<\/strong>.- EL PROPIETARIO, podr\u00e1 interrumpir en cualquier momento el acceso a su sitio web si detecta un uso contrario a la legalidad, la buena fe o a las presentes condiciones generales- ver cl\u00e1usula quinta.<\/p>\n<h4>SEGUNDA.- CONTENIDOS.<\/h4>\n<p>Los contenidos incorporados en este sitio web han sido elaborados e incluidos por:<\/p>\n<p><strong>2.1.<\/strong> EL PROPIETARIO utilizando fuentes internas y externas de tal modo que EL PROPIETARIO \u00fanicamente se hace responsable por los contenidos elaborados de forma interna.<\/p>\n<p><strong>2.2.<\/strong> EL PROPIETARIO se reserva el derecho a modificar en cualquier momento los contenidos existentes en su sitio web. EL PROPIETARIO no asegura ni se responsabiliza del correcto funcionamiento de los enlaces a sitios web de terceros que figuren en <strong>www.marbellainstyle.com<\/strong> Adem\u00e1s a trav\u00e9s del sitio web del PROPIETARIO se ponen a disposici\u00f3n del usuario servicios gratu\u00edtos y de pago ofrecidos por terceros ajenos y que se regir\u00e1n por las condiciones particulares de cada uno de \u00e9llos. EL PROPIETARIO no garantiza la veracidad, exactitud o actualidad de los contenidos y servicios ofrecidos por terceros y queda expresamente exento de todo tipo de responsabilidad por los da\u00f1os y perjuicios que puedan derivarse de la falta de exactitud de estos contenidos y servicios<\/p>\n<h4>TERCERA.- RESPONSABILIDAD.<\/h4>\n<p><strong>3.1.<\/strong> EL PROPIETARIO en ning\u00fan caso ser\u00e1 responsable de:<\/p>\n<blockquote><p>3.1.1.- Los fallos e incidencias que pudieran producirse en las comunicaciones, borrado o transmisiones incompletas de manera que no se garantiza que los servicios del sitio web est\u00e9n constantemente operativos<\/p>\n<p>3.1.2.- De la producci\u00f3n de cualquier tipo de da\u00f1o que los USUARIOS o terceros pudiesen ocasionar en el sitio web.<\/p>\n<p>3.1.3.- De la fiabilidad y veracidad de las informaciones introducidas por terceros en el sitio web, bien directamente, bien a trav\u00e9s de enlaces o links. Asimismo, EL PROPIETARIO colaborar\u00e1 y notificar\u00e1 a la autoridad competente estas incidencias en el momento en que tenga conocimiento fehaciente de que los da\u00f1os ocasionados constituyan cualquier tipo de actividad il\u00edcita.<\/p><\/blockquote>\n<p><strong>3.2.<\/strong> EL PROPIETARIO se reserva el derecho a suspender el acceso sin previo aviso de forma discrecional y con car\u00e1cter definitivo o temporal hasta el aseguramiento de la efectiva responsabilidad de los da\u00f1os que pudieran producirse. Asimismo, EL PROPIETARIO colaborar\u00e1 y notificar\u00e1 a la autoridad competente estas incidencias en el momento en que tenga conocimiento fehaciente de que los da\u00f1os ocasionados constituyan cualquier tipo de actividad il\u00edcita.<\/p>\n<h4>CUARTA.- JURISDICCI\u00d3N Y LEY APLICABLE.<\/h4>\n<p>Las presentes condiciones generales se rigen por la legislaci\u00f3n espa\u00f1ola. Son competentes para resolver toda controversia o conflicto que se derive de las presentes condiciones generales los Juzgados de Marbella (M\u00e1laga) renunciando expresamente el USUARIO a cualquier otro fuero que pudiera corresponderle.<\/p>\n<h4>QUINTA.<\/h4>\n<p>En caso de que cualquier cl\u00e1usula del presente documento sea declarada nula, las dem\u00e1s cl\u00e1usulas seguir\u00e1n vigentes y se interpretar\u00e1n teniendo en cuenta la voluntad de las partes y la finalidad misma de las presentes condiciones. EL PROPIETARIO podr\u00e1 no ejercitar alguno de los derechos y facultades conferidos en este documento lo que no implicar\u00e1 en ning\u00fan caso la renuncia a los mismos salvo reconocimiento expreso por parte de EL PROPIETARIO.[\/vc_column_text][\/vc_column][\/vc_row][vc_row unlock_row_content=&#187;yes&#187; row_height_percent=&#187;0&#8243; override_padding=&#187;yes&#187; h_padding=&#187;2&#8243; top_padding=&#187;4&#8243; bottom_padding=&#187;3&#8243; back_color=&#187;color-lxmt&#187; overlay_alpha=&#187;0&#8243; gutter_size=&#187;3&#8243; shift_y=&#187;0&#8243; style=&#187;inherited&#187;][vc_column column_width_percent=&#187;100&#8243; position_vertical=&#187;middle&#187; align_horizontal=&#187;align_center&#187; font_family=&#187;font-762333&#8243; overlay_alpha=&#187;100&#8243; gutter_size=&#187;3&#8243; medium_width=&#187;0&#8243; shift_x=&#187;0&#8243; shift_y=&#187;0&#8243; z_index=&#187;0&#8243; zoom_width=&#187;0&#8243; zoom_height=&#187;0&#8243; width=&#187;1\/1&#8243;][vc_custom_heading heading_semantic=&#187;h3&#8243; text_size=&#187;h3&#8243; text_space=&#187;fontspace-210350&#8243; text_transform=&#187;uppercase&#187;]\u041d\u043e\u0432\u043e\u0441\u0442\u0438 \u0438\u0437 \u043d\u0430\u0448\u0435\u0433\u043e \u0431\u043b\u043e\u0433\u0430[\/vc_custom_heading][\/vc_column][\/vc_row][vc_row unlock_row_content=&#187;yes&#187; row_height_percent=&#187;0&#8243; override_padding=&#187;yes&#187; h_padding=&#187;0&#8243; top_padding=&#187;0&#8243; bottom_padding=&#187;3&#8243; back_color=&#187;color-lxmt&#187; overlay_alpha=&#187;100&#8243; gutter_size=&#187;100&#8243; shift_y=&#187;0&#8243; style=&#187;inherited&#187;][vc_column column_width_use_pixel=&#187;yes&#187; font_family=&#187;font-762333&#8243; overlay_alpha=&#187;50&#8243; gutter_size=&#187;3&#8243; medium_width=&#187;0&#8243; shift_x=&#187;0&#8243; shift_y=&#187;0&#8243; z_index=&#187;0&#8243; zoom_width=&#187;0&#8243; zoom_height=&#187;0&#8243; width=&#187;1\/1&#8243; column_width_pixel=&#187;1500&#8243;][uncode_index el_id=&#187;index-73887442500238&#8243; index_type=&#187;carousel&#187; loop=&#187;size:9|order_by:date|order:DESC|by_id:-20520,-4636,-4629,-4245,-4241&#8243; carousel_lg=&#187;3&#8243; carousel_md=&#187;2&#8243; carousel_sm=&#187;1&#8243; thumb_size=&#187;two-one&#187; gutter_size=&#187;3&#8243; inner_padding=&#187;yes&#187; post_items=&#187;icon,title,text|excerpt|120,spacer|one,author&#187; carousel_height=&#187;equal&#187; carousel_interval=&#187;0&#8243; carousel_navspeed=&#187;400&#8243; carousel_nav=&#187;yes&#187; carousel_nav_skin=&#187;dark&#187; carousel_dots=&#187;yes&#187; carousel_dots_mobile=&#187;yes&#187; single_back_color=&#187;color-xsdn&#187; single_shape=&#187;round&#187; single_overlay_color=&#187;color-jevc&#187; single_overlay_opacity=&#187;80&#8243; single_text_anim_type=&#187;btt&#187; single_image_coloration=&#187;desaturated&#187; single_image_anim=&#187;no&#187; single_padding=&#187;3&#8243; single_title_transform=&#187;uppercase&#187; single_title_dimension=&#187;h4&#8243; single_title_space=&#187;fontspace-210350&#8243; single_border=&#187;yes&#187; single_css_animation=&#187;zoom-in&#187; single_animation_delay=&#187;200&#8243; custom_order=&#187;yes&#187; footer_position=&#187;left&#187; carousel_rtl=&#187;&#187; single_title_serif=&#187;&#187; single_no_background=&#187;&#187; title=&#187;Blog Preview&#187; order_ids=&#187;20528,4225,4252,20518,4193,4229,4254&#8243; single_icon=&#187;fa fa-plus2&#8243;][vc_empty_space empty_h=&#187;2&#8243; desktop_visibility=&#187;yes&#187; medium_visibility=&#187;yes&#187;][\/vc_column][\/vc_row]<\/p>\n<\/div>","protected":false},"excerpt":{"rendered":"<p>[vc_row row_height_percent=&#187;0&#8243; override_padding=&#187;yes&#187; h_padding=&#187;2&#8243; top_padding=&#187;4&#8243; bottom_padding=&#187;0&#8243; overlay_alpha=&#187;50&#8243; gutter_size=&#187;3&#8243; shift_y=&#187;0&#8243;][vc_column column_width_percent=&#187;100&#8243; overlay_alpha=&#187;50&#8243; gutter_size=&#187;3&#8243; medium_width=&#187;0&#8243; shift_x=&#187;0&#8243; shift_y=&#187;0&#8243; z_index=&#187;0&#8243;][vc_custom_heading text_space=&#187;fontspace-210350&#8243; text_weight=&#187;600&#8243; text_transform=&#187;uppercase&#187; separator=&#187;yes&#187; [&hellip;]<\/p>\n","protected":false},"author":3,"featured_media":0,"parent":0,"menu_order":0,"comment_status":"open","ping_status":"closed","template":"","meta":{"footnotes":"","_glsr_average":0,"_glsr_ranking":0,"_glsr_reviews":0},"acf":[],"_links":{"self":[{"href":"https:\/\/marbellainstyle.com\/ru\/wp-json\/wp\/v2\/pages\/58845"}],"collection":[{"href":"https:\/\/marbellainstyle.com\/ru\/wp-json\/wp\/v2\/pages"}],"about":[{"href":"https:\/\/marbellainstyle.com\/ru\/wp-json\/wp\/v2\/types\/page"}],"author":[{"embeddable":true,"href":"https:\/\/marbellainstyle.com\/ru\/wp-json\/wp\/v2\/users\/3"}],"replies":[{"embeddable":true,"href":"https:\/\/marbellainstyle.com\/ru\/wp-json\/wp\/v2\/comments?post=58845"}],"version-history":[{"count":4,"href":"https:\/\/marbellainstyle.com\/ru\/wp-json\/wp\/v2\/pages\/58845\/revisions"}],"predecessor-version":[{"id":64640,"href":"https:\/\/marbellainstyle.com\/ru\/wp-json\/wp\/v2\/pages\/58845\/revisions\/64640"}],"wp:attachment":[{"href":"https:\/\/marbellainstyle.com\/ru\/wp-json\/wp\/v2\/media?parent=58845"}],"curies":[{"name":"wp","href":"https:\/\/api.w.org\/{rel}","templated":true}]}}