{"id":56823,"date":"2016-12-13T14:53:26","date_gmt":"2016-12-13T14:53:26","guid":{"rendered":"http:\/\/s668976472.mialojamiento.es\/domestic-staff-in-marbella\/"},"modified":"2017-01-30T22:12:07","modified_gmt":"2017-01-30T22:12:07","slug":"trabajo-domestico","status":"publish","type":"page","link":"https:\/\/marbellainstyle.com\/es\/trabajo-domestico\/","title":{"rendered":"Trabajo Domestico"},"content":{"rendered":"<div class=\"wpb-content-wrapper\"><p>[vc_row row_height_percent=\u00bb0&#8243; override_padding=\u00bbyes\u00bb h_padding=\u00bb2&#8243; top_padding=\u00bb3&#8243; bottom_padding=\u00bb3&#8243; overlay_color=\u00bbcolor-xsdn\u00bb overlay_alpha=\u00bb70&#8243; equal_height=\u00bbyes\u00bb gutter_size=\u00bb4&#8243; border_color=\u00bbcolor-gyho\u00bb border_style=\u00bbsolid\u00bb shift_y=\u00bb0&#8243; style=\u00bbinherited\u00bb css=\u00bb.vc_custom_1479167367841{border-bottom-width: 1px !important;}\u00bb][vc_column column_width_percent=\u00bb100&#8243; overlay_alpha=\u00bb50&#8243; gutter_size=\u00bb1&#8243; medium_width=\u00bb0&#8243; shift_x=\u00bb0&#8243; shift_y=\u00bb0&#8243; z_index=\u00bb0&#8243; width=\u00bb1\/1&#8243;][vc_custom_heading heading_semantic=\u00bbh1&#8243; text_space=\u00bbfontspace-210350&#8243; text_weight=\u00bb600&#8243; text_transform=\u00bbuppercase\u00bb separator=\u00bbyes\u00bb separator_color=\u00bbyes\u00bb sub_lead=\u00bbyes\u00bb]Trabajo Domestico[\/vc_custom_heading][vc_empty_space empty_h=\u00bb2&#8243;][vc_column_text]Nuestro objetivo es ofrecer a nuestros clientes un servicio personalizado a medida, localizando y ofreciendo el mejor posible, largo \/ corto servir, altamente cualificados candidatos. Para este fin, nuestro per\u00edodo de garant\u00eda se ofrece a todo el personal que introducimos y mantenemos contacto durante todo el per\u00edodo de prueba.<\/p>\n<p>Muchas de nuestras colocaciones se basan en la b\u00fasqueda de Parejas Dom\u00e9sticas, Chefs y Mayordomos, Ch\u00f3feres y Jardineros en el \u00e1rea de Marbella, sin embargo hemos tenido \u00e9xito en encontrar candidatos m\u00e1s inusuales para cubrir vacantes internacionales como:<\/p>\n<ul>\n<li>Administrador de la finca<\/li>\n<li>Ayudante personal para una familia real del Medio Oriente<\/li>\n<li>Capit\u00e1n de un s\u00faper yate<\/li>\n<li>Peluquer\u00eda personal y esteticista<\/li>\n<\/ul>\n<p>El servicio Marbella in Style garantiza que se trate siempre con el mismo consultor &#8211; nuestro personal est\u00e1 altamente capacitado no s\u00f3lo en el sector de la contrataci\u00f3n, sino tambi\u00e9n en las relaciones con los clientes. Pueden ayudar con la formaci\u00f3n continua, la preparaci\u00f3n de contratos, la provisi\u00f3n de uniformes, etc.<\/p>\n<p>Tomamos tiempo y problemas para establecer una relaci\u00f3n especial tanto con los clientes como con los solicitantes, de manera que podamos determinar las necesidades exactas de ambas partes.<\/p>\n<p>Nuestros consultores est\u00e1n encantados de reunirse con usted en su casa para establecer un an\u00e1lisis completo de sus necesidades de personal.[\/vc_column_text][vc_empty_space empty_h=\u00bb2&#8243;][vc_column_text]<strong>C\u00f3mo trabajamos<\/strong><\/p>\n<p>Entrevistamos personalmente a cada candidato. De acuerdo con la idoneidad de cada candidato, sus datos se agregan a nuestra base de datos.<\/p>\n<p>Podemos certificar que nuestros candidatos ser\u00e1n examinados de acuerdo con la norma de la Oficina de Registros Criminales y cumplir con todas las leyes locales relacionadas.<\/p>\n<p>Tan pronto como un cliente registra una vacante con nosotros, seleccionamos al personal m\u00e1s adecuado y enviamos los detalles completos de varios solicitantes al cliente, incluyendo C.V, sus referencias, fotograf\u00edas y nuestras notas de la entrevista. Cuando se ha discutido cada solicitud, se elabora una lista corta de los candidatos m\u00e1s probables y se establecen entrevistas, de acuerdo con las instrucciones del cliente.<\/p>\n<p>No hay obligaci\u00f3n contractual entre el cliente y nosotros mismos hasta que un candidato es elegido y ha aceptado el puesto.<\/p>\n<p><strong>Salvaguardias<\/strong><br \/>\nProtegemos los intereses de nuestros clientes ofreciendo un per\u00edodo de garant\u00eda de 10 semanas. Si surgen problemas durante ese tiempo, le ofrecemos un reemplazo gratuito o un reembolso.[\/vc_column_text][\/vc_column][\/vc_row][vc_row unlock_row_content=\u00bbyes\u00bb row_height_percent=\u00bb0&#8243; override_padding=\u00bbyes\u00bb h_padding=\u00bb0&#8243; top_padding=\u00bb5&#8243; bottom_padding=\u00bb5&#8243; back_color=\u00bbcolor-wayh\u00bb back_image=\u00bb55076&#8243; back_position=\u00bbcenter center\u00bb overlay_color=\u00bbaccent\u00bb overlay_alpha=\u00bb90&#8243; gutter_size=\u00bb100&#8243; shift_y=\u00bb0&#8243; style=\u00bbinherited\u00bb][vc_column column_width_percent=\u00bb100&#8243; position_vertical=\u00bbmiddle\u00bb align_horizontal=\u00bbalign_center\u00bb style=\u00bbdark\u00bb overlay_alpha=\u00bb100&#8243; gutter_size=\u00bb3&#8243; medium_width=\u00bb0&#8243; shift_x=\u00bb0&#8243; shift_y=\u00bb0&#8243; zoom_width=\u00bb0&#8243; zoom_height=\u00bb0&#8243; width=\u00bb1\/1&#8243;][vc_gallery el_id=\u00bbgallery-35677&#8243; type=\u00bbcarousel\u00bb medias=\u00bb48818&#8243; carousel_lg=\u00bb1&#8243; carousel_md=\u00bb1&#8243; carousel_sm=\u00bb1&#8243; gutter_size=\u00bb0&#8243; media_items=\u00bbmedia|lightbox|original\u00bb carousel_type=\u00bbfade\u00bb carousel_interval=\u00bb5000&#8243; carousel_navspeed=\u00bb400&#8243; carousel_loop=\u00bbyes\u00bb carousel_nav=\u00bbyes\u00bb carousel_nav_mobile=\u00bbyes\u00bb carousel_autoh=\u00bbyes\u00bb carousel_textual=\u00bbyes\u00bb single_overlay_opacity=\u00bb50&#8243; single_padding=\u00bb2&#8243; single_title_dimension=\u00bbh4&#8243; single_title_height=\u00bbfontheight-524109&#8243; single_css_animation=\u00bbzoom-in\u00bb single_animation_delay=\u00bb200&#8243; carousel_twitter=\u00bbyes\u00bb title=\u00bbTestimonials\u00bb items=\u00bbeyIxMjE2NF9pIjp7InNpbmdsZV9pY29uIjoiIn0sIjEyMTY2X2kiOnsic2luZ2xlX2ljb24iOiIiLCJzaW5nbGVfbGF5b3V0IjoidGl0bGUsbWVkaWF8bGlnaHRib3h8b3JpZ2luYWwifSwiMTIxNjVfaSI6eyJzaW5nbGVfaWNvbiI6IiJ9fQ==\u00bb][\/vc_column][\/vc_row][vc_row unlock_row_content=\u00bbyes\u00bb row_height_percent=\u00bb0&#8243; override_padding=\u00bbyes\u00bb h_padding=\u00bb2&#8243; top_padding=\u00bb4&#8243; bottom_padding=\u00bb3&#8243; back_color=\u00bbcolor-lxmt\u00bb overlay_alpha=\u00bb0&#8243; gutter_size=\u00bb3&#8243; shift_y=\u00bb0&#8243; style=\u00bbinherited\u00bb][vc_column column_width_percent=\u00bb100&#8243; position_vertical=\u00bbmiddle\u00bb align_horizontal=\u00bbalign_center\u00bb font_family=\u00bbfont-762333&#8243; overlay_alpha=\u00bb100&#8243; gutter_size=\u00bb3&#8243; medium_width=\u00bb0&#8243; shift_x=\u00bb0&#8243; shift_y=\u00bb0&#8243; z_index=\u00bb0&#8243; zoom_width=\u00bb0&#8243; zoom_height=\u00bb0&#8243; width=\u00bb1\/1&#8243;][vc_custom_heading heading_semantic=\u00bbh3&#8243; text_size=\u00bbh3&#8243; text_space=\u00bbfontspace-210350&#8243; text_transform=\u00bbuppercase\u00bb]Noticias del Blog[\/vc_custom_heading][\/vc_column][\/vc_row][vc_row unlock_row_content=\u00bbyes\u00bb row_height_percent=\u00bb0&#8243; override_padding=\u00bbyes\u00bb h_padding=\u00bb0&#8243; top_padding=\u00bb0&#8243; bottom_padding=\u00bb3&#8243; back_color=\u00bbcolor-lxmt\u00bb overlay_alpha=\u00bb100&#8243; gutter_size=\u00bb100&#8243; shift_y=\u00bb0&#8243; style=\u00bbinherited\u00bb][vc_column column_width_use_pixel=\u00bbyes\u00bb font_family=\u00bbfont-762333&#8243; overlay_alpha=\u00bb50&#8243; gutter_size=\u00bb3&#8243; medium_width=\u00bb0&#8243; shift_x=\u00bb0&#8243; shift_y=\u00bb0&#8243; z_index=\u00bb0&#8243; zoom_width=\u00bb0&#8243; zoom_height=\u00bb0&#8243; width=\u00bb1\/1&#8243; column_width_pixel=\u00bb1500&#8243;][uncode_index el_id=\u00bbindex-73887442500238&#8243; index_type=\u00bbcarousel\u00bb loop=\u00bbsize:9|order_by:date|order:DESC|by_id:-20520,-4636,-4629,-4245,-4241&#8243; carousel_lg=\u00bb3&#8243; carousel_md=\u00bb2&#8243; carousel_sm=\u00bb1&#8243; thumb_size=\u00bbtwo-one\u00bb gutter_size=\u00bb3&#8243; inner_padding=\u00bbyes\u00bb post_items=\u00bbicon,title,text|excerpt|120,spacer|one,author\u00bb carousel_height=\u00bbequal\u00bb carousel_interval=\u00bb0&#8243; carousel_navspeed=\u00bb400&#8243; carousel_nav=\u00bbyes\u00bb carousel_nav_skin=\u00bbdark\u00bb carousel_dots=\u00bbyes\u00bb carousel_dots_mobile=\u00bbyes\u00bb single_back_color=\u00bbcolor-xsdn\u00bb single_shape=\u00bbround\u00bb single_overlay_color=\u00bbcolor-jevc\u00bb single_overlay_opacity=\u00bb80&#8243; single_text_anim_type=\u00bbbtt\u00bb single_image_coloration=\u00bbdesaturated\u00bb single_image_anim=\u00bbno\u00bb single_padding=\u00bb3&#8243; single_title_transform=\u00bbuppercase\u00bb single_title_dimension=\u00bbh4&#8243; single_title_space=\u00bbfontspace-210350&#8243; single_border=\u00bbyes\u00bb single_css_animation=\u00bbzoom-in\u00bb single_animation_delay=\u00bb200&#8243; custom_order=\u00bbyes\u00bb footer_position=\u00bbleft\u00bb carousel_rtl=\u00bb\u00bb single_title_serif=\u00bb\u00bb single_no_background=\u00bb\u00bb title=\u00bbBlog Preview\u00bb order_ids=\u00bb20528,4225,4252,20518,4193,4229,4254&#8243; single_icon=\u00bbfa fa-plus2&#8243;][vc_empty_space empty_h=\u00bb2&#8243; desktop_visibility=\u00bbyes\u00bb medium_visibility=\u00bbyes\u00bb][\/vc_column][\/vc_row]<\/p>\n<\/div>","protected":false},"excerpt":{"rendered":"<p>[vc_row row_height_percent=\u00bb0&#8243; override_padding=\u00bbyes\u00bb h_padding=\u00bb2&#8243; top_padding=\u00bb3&#8243; bottom_padding=\u00bb3&#8243; overlay_color=\u00bbcolor-xsdn\u00bb overlay_alpha=\u00bb70&#8243; equal_height=\u00bbyes\u00bb gutter_size=\u00bb4&#8243; border_color=\u00bbcolor-gyho\u00bb border_style=\u00bbsolid\u00bb shift_y=\u00bb0&#8243; style=\u00bbinherited\u00bb css=\u00bb.vc_custom_1479167367841{border-bottom-width: 1px !important;}\u00bb][vc_column column_width_percent=\u00bb100&#8243; overlay_alpha=\u00bb50&#8243; gutter_size=\u00bb1&#8243; [&hellip;]<\/p>\n","protected":false},"author":3,"featured_media":56141,"parent":0,"menu_order":0,"comment_status":"closed","ping_status":"closed","template":"","meta":{"footnotes":"","_glsr_average":0,"_glsr_ranking":0,"_glsr_reviews":0},"acf":[],"_links":{"self":[{"href":"https:\/\/marbellainstyle.com\/es\/wp-json\/wp\/v2\/pages\/56823"}],"collection":[{"href":"https:\/\/marbellainstyle.com\/es\/wp-json\/wp\/v2\/pages"}],"about":[{"href":"https:\/\/marbellainstyle.com\/es\/wp-json\/wp\/v2\/types\/page"}],"author":[{"embeddable":true,"href":"https:\/\/marbellainstyle.com\/es\/wp-json\/wp\/v2\/users\/3"}],"replies":[{"embeddable":true,"href":"https:\/\/marbellainstyle.com\/es\/wp-json\/wp\/v2\/comments?post=56823"}],"version-history":[{"count":2,"href":"https:\/\/marbellainstyle.com\/es\/wp-json\/wp\/v2\/pages\/56823\/revisions"}],"predecessor-version":[{"id":57022,"href":"https:\/\/marbellainstyle.com\/es\/wp-json\/wp\/v2\/pages\/56823\/revisions\/57022"}],"wp:featuredmedia":[{"embeddable":true,"href":"https:\/\/marbellainstyle.com\/es\/wp-json\/wp\/v2\/media\/56141"}],"wp:attachment":[{"href":"https:\/\/marbellainstyle.com\/es\/wp-json\/wp\/v2\/media?parent=56823"}],"curies":[{"name":"wp","href":"https:\/\/api.w.org\/{rel}","templated":true}]}}