{"id":56807,"date":"2014-12-13T01:47:04","date_gmt":"2014-12-13T00:47:04","guid":{"rendered":"http:\/\/s668976472.mialojamiento.es\/contact\/"},"modified":"2023-02-17T14:21:24","modified_gmt":"2023-02-17T14:21:24","slug":"contacto","status":"publish","type":"page","link":"https:\/\/marbellainstyle.com\/es\/contacto\/","title":{"rendered":"Contacto"},"content":{"rendered":"<div class=\"wpb-content-wrapper\"><p>[vc_row unlock_row=\u00bb\u00bb row_height_percent=\u00bb0&#8243; override_padding=\u00bbyes\u00bb h_padding=\u00bb2&#8243; top_padding=\u00bb3&#8243; bottom_padding=\u00bb3&#8243; overlay_alpha=\u00bb100&#8243; gutter_size=\u00bb3&#8243; shift_y=\u00bb0&#8243;][vc_column column_width_percent=\u00bb90&#8243; position_horizontal=\u00bbleft\u00bb overlay_alpha=\u00bb100&#8243; gutter_size=\u00bb3&#8243; medium_width=\u00bb5&#8243; shift_x=\u00bb0&#8243; shift_y=\u00bb0&#8243; zoom_width=\u00bb0&#8243; zoom_height=\u00bb0&#8243; width=\u00bb7\/12&#8243;][vc_custom_heading text_size=\u00bbh4&#8243; text_font=\u00bbfont-762333&#8243; text_transform=\u00bbcapitalize\u00bb text_align=\u00bbtext-left\u00bb text_uppercase=\u00bb\u00bb]\u00bfQUIERES RECIBIR M\u00c1S INFORMACI\u00d3N?[\/vc_custom_heading][vc_separator][vc_column_text]Utilice el formulario de contacto para dejarnos una solicitud o hacer cualquier pregunta que pueda tener sobre nuestros servicios. Nos pondremos en contacto con usted pronto.[\/vc_column_text]<p class=\"wpcf7-contact-form-not-found\"><strong>Error:<\/strong> Formulario de contacto no encontrado.<\/p>[vc_column_text el_class=\u00bbsmall\u00bb]En cumplimiento de lo dispuesto en la Ley Org\u00e1nica 15\/1999 de Protecci\u00f3n de Datos de Car\u00e1cter Personal, MS TRAVEL &amp; LIFESTYLE S.L. informa al usuario de sus sitios web que los datos de car\u00e1cter personal recabados por la empresa a trav\u00e9s de los formularios contenidos en dichos sitios web, ser\u00e1n incorporados a un fichero, del que MS TRAVEL &amp; LIFESTYLE S.L. es responsable de, con el prop\u00f3sito de llevar a cabo, agilizar y cumplir los acuerdos establecidos entre las partes.[\/vc_column_text][\/vc_column][vc_column column_width_percent=\u00bb100&#8243; position_horizontal=\u00bbleft\u00bb overlay_alpha=\u00bb100&#8243; gutter_size=\u00bb3&#8243; medium_width=\u00bb3&#8243; shift_x=\u00bb0&#8243; shift_y=\u00bb0&#8243; zoom_width=\u00bb0&#8243; zoom_height=\u00bb0&#8243; width=\u00bb5\/12&#8243;][vc_custom_heading text_size=\u00bbh4&#8243; text_font=\u00bbfont-762333&#8243; text_transform=\u00bbcapitalize\u00bb text_align=\u00bbtext-left\u00bb text_uppercase=\u00bb\u00bb]DIRECCI\u00d3N[\/vc_custom_heading][vc_column_text]CC Monte Halcones, local 8<br \/>\n29679 Benahav\u00eds, M\u00e1laga<\/p>\n<p>Email: operations@marbellainstyle.com<br \/>\nTel\u00e9fono: +34 951 983 679[\/vc_column_text][vc_separator][vc_button border_width=\u00bb0&#8243; link=\u00bburl:https%3A%2F%2Fwa.me%2F34699602927||target:%20_blank|\u00bb icon=\u00bbfa fa-whatsapp\u00bb]Cont\u00e1ctenos v\u00eda WhatsApp [\/vc_button][vc_separator][\/vc_column][\/vc_row][vc_row unlock_row_content=\u00bbyes\u00bb row_height_percent=\u00bb0&#8243; override_padding=\u00bbyes\u00bb h_padding=\u00bb2&#8243; top_padding=\u00bb4&#8243; bottom_padding=\u00bb3&#8243; back_color=\u00bbcolor-lxmt\u00bb overlay_alpha=\u00bb0&#8243; gutter_size=\u00bb3&#8243; shift_y=\u00bb0&#8243; style=\u00bbinherited\u00bb][vc_column column_width_percent=\u00bb100&#8243; position_vertical=\u00bbmiddle\u00bb align_horizontal=\u00bbalign_center\u00bb font_family=\u00bbfont-762333&#8243; overlay_alpha=\u00bb100&#8243; gutter_size=\u00bb3&#8243; medium_width=\u00bb0&#8243; shift_x=\u00bb0&#8243; shift_y=\u00bb0&#8243; z_index=\u00bb0&#8243; zoom_width=\u00bb0&#8243; zoom_height=\u00bb0&#8243; width=\u00bb1\/1&#8243;][vc_custom_heading heading_semantic=\u00bbh3&#8243; text_size=\u00bbh3&#8243; text_space=\u00bbfontspace-210350&#8243; text_transform=\u00bbuppercase\u00bb]Noticias de nuestro Blog[\/vc_custom_heading][\/vc_column][\/vc_row][vc_row unlock_row_content=\u00bbyes\u00bb row_height_percent=\u00bb0&#8243; override_padding=\u00bbyes\u00bb h_padding=\u00bb0&#8243; top_padding=\u00bb0&#8243; bottom_padding=\u00bb3&#8243; back_color=\u00bbcolor-lxmt\u00bb overlay_alpha=\u00bb100&#8243; gutter_size=\u00bb100&#8243; shift_y=\u00bb0&#8243; style=\u00bbinherited\u00bb][vc_column column_width_use_pixel=\u00bbyes\u00bb font_family=\u00bbfont-762333&#8243; overlay_alpha=\u00bb50&#8243; gutter_size=\u00bb3&#8243; medium_width=\u00bb0&#8243; shift_x=\u00bb0&#8243; shift_y=\u00bb0&#8243; z_index=\u00bb0&#8243; zoom_width=\u00bb0&#8243; zoom_height=\u00bb0&#8243; width=\u00bb1\/1&#8243; column_width_pixel=\u00bb1500&#8243;][uncode_index el_id=\u00bbindex-73887442500238&#8243; index_type=\u00bbcarousel\u00bb loop=\u00bbsize:9|order_by:date|order:DESC|by_id:-20520,-4636,-4629,-4245,-4241&#8243; carousel_lg=\u00bb3&#8243; carousel_md=\u00bb2&#8243; carousel_sm=\u00bb1&#8243; thumb_size=\u00bbtwo-one\u00bb gutter_size=\u00bb3&#8243; inner_padding=\u00bbyes\u00bb post_items=\u00bbicon,title,text|excerpt|120,spacer|one,author\u00bb carousel_height=\u00bbequal\u00bb carousel_interval=\u00bb0&#8243; carousel_navspeed=\u00bb400&#8243; carousel_nav=\u00bbyes\u00bb carousel_nav_skin=\u00bbdark\u00bb carousel_dots=\u00bbyes\u00bb carousel_dots_mobile=\u00bbyes\u00bb single_back_color=\u00bbcolor-xsdn\u00bb single_shape=\u00bbround\u00bb single_overlay_color=\u00bbcolor-jevc\u00bb single_overlay_opacity=\u00bb80&#8243; single_text_anim_type=\u00bbbtt\u00bb single_image_coloration=\u00bbdesaturated\u00bb single_image_anim=\u00bbno\u00bb single_padding=\u00bb3&#8243; single_title_transform=\u00bbuppercase\u00bb single_title_dimension=\u00bbh4&#8243; single_title_space=\u00bbfontspace-210350&#8243; single_border=\u00bbyes\u00bb single_css_animation=\u00bbzoom-in\u00bb single_animation_delay=\u00bb200&#8243; custom_order=\u00bbyes\u00bb footer_position=\u00bbleft\u00bb carousel_rtl=\u00bb\u00bb single_title_serif=\u00bb\u00bb single_no_background=\u00bb\u00bb title=\u00bbBlog Preview\u00bb order_ids=\u00bb20528,4225,4252,20518,4193,4229,4254&#8243; single_icon=\u00bbfa fa-plus2&#8243;][vc_empty_space empty_h=\u00bb2&#8243; desktop_visibility=\u00bbyes\u00bb medium_visibility=\u00bbyes\u00bb][\/vc_column][\/vc_row]<\/p>\n<\/div>","protected":false},"excerpt":{"rendered":"<p>[vc_row unlock_row=\u00bb\u00bb row_height_percent=\u00bb0&#8243; override_padding=\u00bbyes\u00bb h_padding=\u00bb2&#8243; top_padding=\u00bb3&#8243; bottom_padding=\u00bb3&#8243; overlay_alpha=\u00bb100&#8243; gutter_size=\u00bb3&#8243; shift_y=\u00bb0&#8243;][vc_column column_width_percent=\u00bb90&#8243; position_horizontal=\u00bbleft\u00bb overlay_alpha=\u00bb100&#8243; gutter_size=\u00bb3&#8243; medium_width=\u00bb5&#8243; shift_x=\u00bb0&#8243; shift_y=\u00bb0&#8243; zoom_width=\u00bb0&#8243; zoom_height=\u00bb0&#8243; width=\u00bb7\/12&#8243;][vc_custom_heading [&hellip;]<\/p>\n","protected":false},"author":3,"featured_media":62361,"parent":0,"menu_order":0,"comment_status":"open","ping_status":"closed","template":"","meta":{"footnotes":"","_glsr_average":0,"_glsr_ranking":0,"_glsr_reviews":0},"acf":[],"_links":{"self":[{"href":"https:\/\/marbellainstyle.com\/es\/wp-json\/wp\/v2\/pages\/56807"}],"collection":[{"href":"https:\/\/marbellainstyle.com\/es\/wp-json\/wp\/v2\/pages"}],"about":[{"href":"https:\/\/marbellainstyle.com\/es\/wp-json\/wp\/v2\/types\/page"}],"author":[{"embeddable":true,"href":"https:\/\/marbellainstyle.com\/es\/wp-json\/wp\/v2\/users\/3"}],"replies":[{"embeddable":true,"href":"https:\/\/marbellainstyle.com\/es\/wp-json\/wp\/v2\/comments?post=56807"}],"version-history":[{"count":7,"href":"https:\/\/marbellainstyle.com\/es\/wp-json\/wp\/v2\/pages\/56807\/revisions"}],"predecessor-version":[{"id":117254,"href":"https:\/\/marbellainstyle.com\/es\/wp-json\/wp\/v2\/pages\/56807\/revisions\/117254"}],"wp:featuredmedia":[{"embeddable":true,"href":"https:\/\/marbellainstyle.com\/es\/wp-json\/wp\/v2\/media\/62361"}],"wp:attachment":[{"href":"https:\/\/marbellainstyle.com\/es\/wp-json\/wp\/v2\/media?parent=56807"}],"curies":[{"name":"wp","href":"https:\/\/api.w.org\/{rel}","templated":true}]}}