{"id":56470,"date":"2016-12-12T21:20:47","date_gmt":"2016-12-12T21:20:47","guid":{"rendered":"http:\/\/s668976472.mialojamiento.es\/home\/"},"modified":"2023-02-13T11:26:54","modified_gmt":"2023-02-13T11:26:54","slug":"home","status":"publish","type":"page","link":"https:\/\/marbellainstyle.com\/es\/","title":{"rendered":"Tus Vacaciones Memorables Comienzan Aqu\u00ed"},"content":{"rendered":"<div class=\"wpb-content-wrapper\"><p>[vc_row row_height_percent=\u00bb0&#8243; override_padding=\u00bbyes\u00bb h_padding=\u00bb2&#8243; top_padding=\u00bb3&#8243; bottom_padding=\u00bb3&#8243; back_color=\u00bbcolor-rgdb\u00bb overlay_alpha=\u00bb70&#8243; equal_height=\u00bbyes\u00bb gutter_size=\u00bb4&#8243; column_width_percent=\u00bb100&#8243; border_color=\u00bbcolor-gyho\u00bb mobile_visibility=\u00bbyes\u00bb shift_y=\u00bb0&#8243; z_index=\u00bb0&#8243; style=\u00bbinherited\u00bb css=\u00bb.vc_custom_1651081402716{border-bottom-width: 1px !important;}\u00bb][vc_column column_width_percent=\u00bb100&#8243; position_horizontal=\u00bbleft\u00bb style=\u00bbdark\u00bb overlay_alpha=\u00bb50&#8243; gutter_size=\u00bb1&#8243; medium_width=\u00bb0&#8243; mobile_width=\u00bb0&#8243; shift_x=\u00bb0&#8243; shift_y=\u00bb0&#8243; shift_y_down=\u00bb0&#8243; z_index=\u00bb0&#8243; width=\u00bb1\/2&#8243;][vc_custom_heading heading_semantic=\u00bbh1&#8243; text_size=\u00bbh3&#8243; text_space=\u00bbfontspace-210350&#8243; text_weight=\u00bb600&#8243; text_transform=\u00bbuppercase\u00bb separator=\u00bbyes\u00bb separator_color=\u00bbyes\u00bb sub_lead=\u00bbyes\u00bb]Acceso VIP a Marbella Life[\/vc_custom_heading][vc_empty_space empty_h=\u00bb2&#8243;][vc_column_text]Marbella in Style es especialista en Vacaciones de Lujo desde 2008, que asegura a sus clientes la calidad de servicio que demandan.<\/p>\n<p>Creemos que la hospitalidad de lujo es un asunto muy personal. Nuestro enfoque tiene como objetivo proporcionar el paquete completo que se basa en la confianza total en nuestra dedicaci\u00f3n al profesionalismo y el conocimiento, as\u00ed como en nuestra integridad y discreci\u00f3n.[\/vc_column_text][\/vc_column][vc_column width=\u00bb1\/2&#8243;][vc_single_image media=\u00bb87424&#8243; media_width_percent=\u00bb100&#8243;][\/vc_column][\/vc_row][vc_row unlock_row_content=\u00bbyes\u00bb row_height_percent=\u00bb0&#8243; override_padding=\u00bbyes\u00bb h_padding=\u00bb3&#8243; top_padding=\u00bb0&#8243; bottom_padding=\u00bb0&#8243; back_color=\u00bbcolor-xsdn\u00bb overlay_alpha=\u00bb50&#8243; gutter_size=\u00bb100&#8243; column_width_percent=\u00bb100&#8243; shift_y=\u00bb0&#8243; z_index=\u00bb0&#8243; style=\u00bbinherited\u00bb][vc_column column_width_percent=\u00bb100&#8243; align_horizontal=\u00bbalign_center\u00bb style=\u00bblight\u00bb overlay_alpha=\u00bb50&#8243; gutter_size=\u00bb3&#8243; medium_width=\u00bb0&#8243; mobile_width=\u00bb0&#8243; shift_x=\u00bb0&#8243; shift_y=\u00bb0&#8243; shift_y_down=\u00bb0&#8243; z_index=\u00bb0&#8243; width=\u00bb1\/1&#8243;][vc_empty_space empty_h=\u00bb2&#8243;][vc_custom_heading heading_semantic=\u00bbh3&#8243; text_size=\u00bb\u00bb text_space=\u00bbfontspace-210350&#8243; text_weight=\u00bb600&#8243; text_transform=\u00bbuppercase\u00bb separator=\u00bbyes\u00bb separator_color=\u00bbyes\u00bb sub_lead=\u00bbyes\u00bb]Las villas de vacaciones m\u00e1s hermosas para alquilar en Marbella, directamente de los propietarios, con servicios de hospitalidad de primera clase y experiencias \u00fanicas para unas vacaciones memorables.[\/vc_custom_heading][uncode_index el_id=\u00bbindex-1&#8243; loop=\u00bbsize:6|order_by:menu_order|order:DESC|post_type:portfolio|by_id:71541,71447,69755,71341,55960,54872&#8243; footer_full_width=\u00bbyes\u00bb gutter_size=\u00bb4&#8243; post_items=\u00bbtitle,media,text,link,author,date,category,extra\u00bb page_items=\u00bbtitle,media,text,category\u00bb product_items=\u00bbtitle,media,text,category,price\u00bb portfolio_items=\u00bbtitle,media|featured|onpost|original\u00bb screen_lg=\u00bb960&#8243; screen_md=\u00bb680&#8243; screen_sm=\u00bb480&#8243; single_text=\u00bboverlay\u00bb single_overlay_opacity=\u00bb40&#8243; single_text_visible=\u00bbyes\u00bb single_text_anim=\u00bbno\u00bb single_overlay_visible=\u00bbyes\u00bb single_image_anim=\u00bbno\u00bb single_h_align=\u00bbcenter\u00bb single_h_align_mobile=\u00bbcenter\u00bb single_padding=\u00bb2&#8243; single_text_lead=\u00bbyes\u00bb single_text_reduced=\u00bbyes\u00bb single_title_transform=\u00bbuppercase\u00bb single_title_dimension=\u00bbh3&#8243; single_title_weight=\u00bb800&#8243; single_title_space=\u00bbfontspace-210350&#8243; single_shadow=\u00bbyes\u00bb single_border=\u00bbyes\u00bb single_css_animation=\u00bbzoom-in\u00bb single_animation_delay=\u00bb200&#8243; custom_order=\u00bbyes\u00bb filtering_menu=\u00bbinline\u00bb single_block_click=\u00bbyes\u00bb single_text_hover=\u00bbyes\u00bb items=\u00bbeyI0NjI1X2kiOnsic2luZ2xlX3dpZHRoIjoiNiJ9LCI0NTgxX2kiOnsic2luZ2xlX3dpZHRoIjoiMiIsInNpbmdsZV9oZWlnaHQiOiIyIn0sIjQ1NzhfaSI6eyJzaW5nbGVfd2lkdGgiOiIyIiwic2luZ2xlX2hlaWdodCI6IjIifSwiNDM5M19pIjp7InNpbmdsZV93aWR0aCI6IjIiLCJzaW5nbGVfaGVpZ2h0IjoiMiJ9LCI0MTY3X2kiOnsic2luZ2xlX3dpZHRoIjoiMiIsInNpbmdsZV9oZWlnaHQiOiIyIn0sIjQxNjNfaSI6eyJzaW5nbGVfaGVpZ2h0IjoiMiJ9LCI0MTYwX2kiOnsic2luZ2xlX2hlaWdodCI6IjIifSwiNDE1NF9pIjp7InNpbmdsZV93aWR0aCI6IjYiLCJzaW5nbGVfaGVpZ2h0IjoiNCJ9LCI0MTQyX2kiOnsic2luZ2xlX3dpZHRoIjoiNiIsInNpbmdsZV9oZWlnaHQiOiI0In0sIjQwODdfaSI6eyJzaW5nbGVfd2lkdGgiOiI2Iiwic2luZ2xlX2hlaWdodCI6IjQifSwiNDA3OF9pIjp7InNpbmdsZV93aWR0aCI6IjYiLCJzaW5nbGVfaGVpZ2h0IjoiNCJ9LCI1NDY2MF9pIjp7InNpbmdsZV9pY29uIjoiIiwic2luZ2xlX3RleHRfdmlzaWJsZSI6InllcyIsInNpbmdsZV9oX2FsaWduIjoiY2VudGVyIiwic2luZ2xlX2hfYWxpZ25fbW9iaWxlIjoiY2VudGVyIiwic2luZ2xlX3ZfcG9zaXRpb24iOiIiLCJzaW5nbGVfdGl0bGVfd2VpZ2h0IjoiODAwIiwic2luZ2xlX3RpdGxlX2RpbWVuc2lvbiI6ImgzIiwic2luZ2xlX3RleHRfbGVhZCI6InllcyIsInNpbmdsZV9sYXlvdXQiOiJtZWRpYXxmZWF0dXJlZHxvbnBvc3R8b3JpZ2luYWwsdGl0bGUsdGV4dHxleGNlcnB0In0sIjU0ODYyX2kiOnsic2luZ2xlX2ljb24iOiIiLCJzaW5nbGVfbGF5b3V0IjoibWVkaWF8ZmVhdHVyZWR8b25wb3N0fG9yaWdpbmFsLHRpdGxlLHRleHR8ZXhjZXJwdCJ9LCI1NDg3Ml9pIjp7InNpbmdsZV9sYXlvdXRfcG9ydGZvbGlvX2l0ZW1zIjoidGl0bGUsbWVkaWF8Y3VzdG9tfG9ucG9zdHxvcmlnaW5hbCIsImJhY2tfaW1hZ2UiOiI4NzY3OSIsImltYWdlc19zaXplIjoidGhyZWUtZm91ciJ9LCI1NTc2MV9pIjp7ImJhY2tfaW1hZ2UiOiI4NzM4MyIsInNpbmdsZV9sYXlvdXRfcG9ydGZvbGlvX2l0ZW1zIjoidGl0bGUsbWVkaWF8Y3VzdG9tfG9ucG9zdHxvcmlnaW5hbCJ9LCI1NjQwMl9pIjp7ImJhY2tfaW1hZ2UiOiI5OTE0NSIsInNpbmdsZV9sYXlvdXRfcG9ydGZvbGlvX2l0ZW1zIjoidGl0bGUsbWVkaWF8Y3VzdG9tfG9ucG9zdHxvcmlnaW5hbCJ9LCI1NTk3M19pIjp7ImJhY2tfaW1hZ2UiOiI4NjY5MSIsInNpbmdsZV9sYXlvdXRfcG9ydGZvbGlvX2l0ZW1zIjoidGl0bGUsbWVkaWF8Y3VzdG9tfG9ucG9zdHxvcmlnaW5hbCJ9LCI1NTk2MF9pIjp7ImJhY2tfaW1hZ2UiOiI4OTAzNiIsInNpbmdsZV9sYXlvdXRfcG9ydGZvbGlvX2l0ZW1zIjoidGl0bGUsbWVkaWF8Y3VzdG9tfG9ucG9zdHxvcmlnaW5hbCIsImltYWdlc19zaXplIjoidGhyZWUtZm91ciJ9LCI2OTc1NV9pIjp7ImltYWdlc19zaXplIjoidGhyZWUtZm91ciJ9fQ==\u00bb single_title_bold=\u00bbyes\u00bb footer_position=\u00bbleft\u00bb filtering_transform=\u00bbuppercase\u00bb order_ids=\u00bb69755,55960,54872,55973,56402,55761&#8243;][vc_empty_space empty_h=\u00bb3&#8243;][\/vc_column][\/vc_row][vc_row][vc_column width=\u00bb1\/1&#8243;][uncode_block id=\u00bb102791&#8243;][\/vc_column][\/vc_row][vc_row row_height_percent=\u00bb0&#8243; back_color=\u00bbcolor-162435&#8243; overlay_alpha=\u00bb50&#8243; gutter_size=\u00bb3&#8243; shift_y=\u00bb0&#8243;][vc_column column_width_percent=\u00bb100&#8243; align_horizontal=\u00bbalign_center\u00bb style=\u00bblight\u00bb overlay_alpha=\u00bb50&#8243; gutter_size=\u00bb3&#8243; medium_width=\u00bb0&#8243; shift_x=\u00bb0&#8243; shift_y=\u00bb0&#8243; z_index=\u00bb0&#8243; width=\u00bb1\/3&#8243;][vc_icon icon=\u00bbfa fa-bell-o\u00bb icon_color=\u00bbaccent\u00bb size=\u00bbfa-3x\u00bb text_reduced=\u00bbyes\u00bb title=\u00bbConserje\u00bb]Su conserje personal se encargar\u00e1 de todos los detalles, desde cambios de itinerario de \u00faltima hora hasta experiencias locales exquisitas.[\/vc_icon][\/vc_column][vc_column column_width_percent=\u00bb100&#8243; align_horizontal=\u00bbalign_center\u00bb style=\u00bblight\u00bb overlay_alpha=\u00bb50&#8243; gutter_size=\u00bb3&#8243; medium_width=\u00bb0&#8243; shift_x=\u00bb0&#8243; shift_y=\u00bb0&#8243; z_index=\u00bb0&#8243; width=\u00bb1\/3&#8243;][vc_icon icon=\u00bbfa fa-home2&#8243; icon_color=\u00bbaccent\u00bb size=\u00bbfa-3x\u00bb text_reduced=\u00bbyes\u00bb title=\u00bbPortfolio verificado\u00bb]Cada una de nuestras villas y actividades es cuidadosamente seleccionada con criterios restrictivos.[\/vc_icon][\/vc_column][vc_column column_width_percent=\u00bb100&#8243; align_horizontal=\u00bbalign_center\u00bb style=\u00bblight\u00bb overlay_alpha=\u00bb50&#8243; gutter_size=\u00bb3&#8243; medium_width=\u00bb0&#8243; shift_x=\u00bb0&#8243; shift_y=\u00bb0&#8243; z_index=\u00bb0&#8243; width=\u00bb1\/3&#8243;][vc_icon icon=\u00bbfa fa-star-o\u00bb icon_color=\u00bbaccent\u00bb size=\u00bbfa-3x\u00bb text_reduced=\u00bbyes\u00bb title=\u00bbCalidad avalada\u00bb]Estamos en el terreno y tenemos contacto directo con los propietarios para garantizar el mejor valor.[\/vc_icon][\/vc_column][\/vc_row][vc_row unlock_row_content=\u00bbyes\u00bb row_height_percent=\u00bb0&#8243; override_padding=\u00bbyes\u00bb h_padding=\u00bb0&#8243; top_padding=\u00bb5&#8243; bottom_padding=\u00bb5&#8243; back_color=\u00bbcolor-xsdn\u00bb overlay_color=\u00bbaccent\u00bb overlay_alpha=\u00bb50&#8243; gutter_size=\u00bb100&#8243; column_width_percent=\u00bb100&#8243; shift_y=\u00bb0&#8243; z_index=\u00bb0&#8243; style=\u00bbinherited\u00bb][vc_column column_width_percent=\u00bb80&#8243; align_horizontal=\u00bbalign_center\u00bb overlay_alpha=\u00bb50&#8243; gutter_size=\u00bb3&#8243; medium_width=\u00bb0&#8243; mobile_width=\u00bb0&#8243; shift_x=\u00bb0&#8243; shift_y=\u00bb0&#8243; shift_y_down=\u00bb0&#8243; z_index=\u00bb0&#8243; width=\u00bb1\/1&#8243;][vc_gallery el_id=\u00bbgallery-35677&#8243; type=\u00bbcarousel\u00bb medias=\u00bb55900,55896,55895,55843,48814,48565&#8243; carousel_lg=\u00bb1&#8243; carousel_md=\u00bb1&#8243; carousel_sm=\u00bb1&#8243; gutter_size=\u00bb0&#8243; media_items=\u00bbmedia|lightbox|original\u00bb carousel_type=\u00bbfade\u00bb carousel_interval=\u00bb5000&#8243; carousel_navspeed=\u00bb400&#8243; carousel_loop=\u00bbyes\u00bb carousel_nav=\u00bbyes\u00bb carousel_nav_mobile=\u00bbyes\u00bb carousel_autoh=\u00bbyes\u00bb carousel_textual=\u00bbyes\u00bb stage_padding=\u00bb0&#8243; single_overlay_opacity=\u00bb50&#8243; single_padding=\u00bb2&#8243; single_title_dimension=\u00bbh4&#8243; single_title_height=\u00bbfontheight-524109&#8243; single_css_animation=\u00bbzoom-in\u00bb single_animation_delay=\u00bb200&#8243; carousel_twitter=\u00bbyes\u00bb title=\u00bbTestimonios\u00bb items=\u00bbeyIxMjE2NF9pIjp7InNpbmdsZV9pY29uIjoiIn0sIjEyMTY2X2kiOnsic2luZ2xlX2ljb24iOiIiLCJzaW5nbGVfbGF5b3V0IjoidGl0bGUsbWVkaWF8bGlnaHRib3h8b3JpZ2luYWwifSwiMTIxNjVfaSI6eyJzaW5nbGVfaWNvbiI6IiJ9fQ==\u00bb][vc_button button_color=\u00bbaccent\u00bb border_width=\u00bb0&#8243; link=\u00bburl:https%3A%2F%2Fmarbellainstyle.com%2Ftestimonials-from-our-customers%2F|title:Testimonials||\u00bb]Ver testimonios[\/vc_button][\/vc_column][\/vc_row][vc_row unlock_row_content=\u00bbyes\u00bb row_height_percent=\u00bb0&#8243; override_padding=\u00bbyes\u00bb h_padding=\u00bb2&#8243; top_padding=\u00bb4&#8243; bottom_padding=\u00bb3&#8243; back_color=\u00bbcolor-lxmt\u00bb overlay_alpha=\u00bb0&#8243; gutter_size=\u00bb3&#8243; shift_y=\u00bb0&#8243; style=\u00bbinherited\u00bb][vc_column column_width_percent=\u00bb100&#8243; position_vertical=\u00bbmiddle\u00bb align_horizontal=\u00bbalign_center\u00bb font_family=\u00bbfont-762333&#8243; overlay_alpha=\u00bb100&#8243; gutter_size=\u00bb3&#8243; medium_width=\u00bb0&#8243; shift_x=\u00bb0&#8243; shift_y=\u00bb0&#8243; z_index=\u00bb0&#8243; zoom_width=\u00bb0&#8243; zoom_height=\u00bb0&#8243; width=\u00bb1\/1&#8243;][vc_custom_heading heading_semantic=\u00bbh3&#8243; text_size=\u00bbh3&#8243; text_space=\u00bbfontspace-210350&#8243; text_transform=\u00bbuppercase\u00bb text_color=\u00bbcolor-jevc\u00bb]Revista Marbella[\/vc_custom_heading][\/vc_column][\/vc_row][vc_row unlock_row_content=\u00bbyes\u00bb row_height_percent=\u00bb0&#8243; override_padding=\u00bbyes\u00bb h_padding=\u00bb0&#8243; top_padding=\u00bb0&#8243; bottom_padding=\u00bb3&#8243; back_color=\u00bbcolor-lxmt\u00bb overlay_alpha=\u00bb100&#8243; gutter_size=\u00bb100&#8243; shift_y=\u00bb0&#8243; style=\u00bbinherited\u00bb][vc_column column_width_use_pixel=\u00bbyes\u00bb font_family=\u00bbfont-762333&#8243; overlay_alpha=\u00bb50&#8243; gutter_size=\u00bb3&#8243; medium_width=\u00bb0&#8243; shift_x=\u00bb0&#8243; shift_y=\u00bb0&#8243; z_index=\u00bb0&#8243; zoom_width=\u00bb0&#8243; zoom_height=\u00bb0&#8243; width=\u00bb1\/1&#8243; column_width_pixel=\u00bb1500&#8243;][uncode_index el_id=\u00bbindex-73887442500238&#8243; index_type=\u00bbcarousel\u00bb loop=\u00bbsize:9|order_by:date|order:DESC\u00bb carousel_lg=\u00bb3&#8243; carousel_md=\u00bb2&#8243; carousel_sm=\u00bb1&#8243; thumb_size=\u00bbtwo-one\u00bb gutter_size=\u00bb3&#8243; inner_padding=\u00bbyes\u00bb post_items=\u00bbmedia|featured|onpost|original,title,text|full|120,category|nobg|relative|display-icon\u00bb carousel_height=\u00bbequal\u00bb carousel_interval=\u00bb0&#8243; carousel_navspeed=\u00bb400&#8243; carousel_nav=\u00bbyes\u00bb carousel_nav_skin=\u00bbdark\u00bb carousel_dots=\u00bbyes\u00bb carousel_dots_mobile=\u00bbyes\u00bb stage_padding=\u00bb0&#8243; single_back_color=\u00bbcolor-xsdn\u00bb single_shape=\u00bbround\u00bb single_overlay_color=\u00bbcolor-jevc\u00bb single_overlay_opacity=\u00bb80&#8243; single_text_anim_type=\u00bbbtt\u00bb single_image_anim=\u00bbno\u00bb single_padding=\u00bb3&#8243; single_title_transform=\u00bbuppercase\u00bb single_title_dimension=\u00bbh4&#8243; single_title_space=\u00bbfontspace-210350&#8243; single_border=\u00bbyes\u00bb single_css_animation=\u00bbzoom-in\u00bb single_animation_delay=\u00bb200&#8243; custom_order=\u00bbyes\u00bb footer_position=\u00bbleft\u00bb carousel_rtl=\u00bb\u00bb single_title_serif=\u00bb\u00bb single_no_background=\u00bb\u00bb title=\u00bbBlog Preview\u00bb order_ids=\u00bb20528,4225,4252,20518,4193,4229,4254&#8243; single_icon=\u00bbfa fa-plus2&#8243;][vc_empty_space empty_h=\u00bb2&#8243; desktop_visibility=\u00bbyes\u00bb medium_visibility=\u00bbyes\u00bb][\/vc_column][\/vc_row][vc_row row_height_percent=\u00bb0&#8243; override_padding=\u00bbyes\u00bb h_padding=\u00bb2&#8243; top_padding=\u00bb3&#8243; bottom_padding=\u00bb3&#8243; back_color=\u00bbcolor-lxmt\u00bb overlay_color=\u00bbaccent\u00bb overlay_alpha=\u00bb20&#8243; equal_height=\u00bbyes\u00bb gutter_size=\u00bb4&#8243; column_width_percent=\u00bb100&#8243; border_color=\u00bbcolor-gyho\u00bb mobile_visibility=\u00bbyes\u00bb shift_y=\u00bb0&#8243; z_index=\u00bb0&#8243; style=\u00bbinherited\u00bb css=\u00bb.vc_custom_1639604162827{border-bottom-width: 1px !important;}\u00bb][vc_column column_width_percent=\u00bb100&#8243; align_horizontal=\u00bbalign_center\u00bb style=\u00bblight\u00bb overlay_alpha=\u00bb50&#8243; gutter_size=\u00bb1&#8243; medium_width=\u00bb0&#8243; mobile_width=\u00bb0&#8243; shift_x=\u00bb0&#8243; shift_y=\u00bb0&#8243; shift_y_down=\u00bb0&#8243; z_index=\u00bb0&#8243; width=\u00bb1\/1&#8243;][vc_custom_heading heading_semantic=\u00bbh3&#8243; text_space=\u00bbfontspace-210350&#8243; text_weight=\u00bb600&#8243; text_transform=\u00bbuppercase\u00bb separator=\u00bbyes\u00bb separator_color=\u00bbyes\u00bb sub_lead=\u00bbyes\u00bb]Reserva con Marbella in Style[\/vc_custom_heading][\/vc_column][\/vc_row][vc_row row_height_percent=\u00bb0&#8243; back_color=\u00bbcolor-lxmt\u00bb overlay_color=\u00bbaccent\u00bb overlay_alpha=\u00bb20&#8243; gutter_size=\u00bb3&#8243; column_width_percent=\u00bb100&#8243; mobile_visibility=\u00bbyes\u00bb shift_y=\u00bb0&#8243; z_index=\u00bb0&#8243;][vc_column column_width_percent=\u00bb100&#8243; align_horizontal=\u00bbalign_center\u00bb style=\u00bblight\u00bb overlay_alpha=\u00bb50&#8243; gutter_size=\u00bb3&#8243; medium_width=\u00bb0&#8243; mobile_width=\u00bb0&#8243; shift_x=\u00bb0&#8243; shift_y=\u00bb0&#8243; shift_y_down=\u00bb0&#8243; z_index=\u00bb0&#8243; width=\u00bb1\/3&#8243;][vc_icon icon=\u00bbfa fa-map-marker\u00bb icon_color=\u00bbaccent\u00bb size=\u00bbfa-3x\u00bb title=\u00bbLOCAL\u00bb]Nuestra experiencia en Marbella y la Costa del Sol, donde esta nuestra base \u200b\u200by \u201csobre el terreno\u201d[\/vc_icon][\/vc_column][vc_column column_width_percent=\u00bb100&#8243; align_horizontal=\u00bbalign_center\u00bb style=\u00bblight\u00bb overlay_alpha=\u00bb50&#8243; gutter_size=\u00bb3&#8243; medium_width=\u00bb0&#8243; mobile_width=\u00bb0&#8243; shift_x=\u00bb0&#8243; shift_y=\u00bb0&#8243; shift_y_down=\u00bb0&#8243; z_index=\u00bb0&#8243; width=\u00bb1\/3&#8243;][vc_icon icon=\u00bbfa fa-suitcase\u00bb icon_color=\u00bbaccent\u00bb size=\u00bbfa-3x\u00bb title=\u00bbDE CONFIANZA\u00bb]Somos una agencia de turismo <strong>autorizada<\/strong>, asegurada y totalmente afianzada y registrada en Andaluc\u00eda[\/vc_icon][\/vc_column][vc_column column_width_percent=\u00bb100&#8243; align_horizontal=\u00bbalign_center\u00bb style=\u00bblight\u00bb overlay_alpha=\u00bb50&#8243; gutter_size=\u00bb3&#8243; medium_width=\u00bb0&#8243; mobile_width=\u00bb0&#8243; shift_x=\u00bb0&#8243; shift_y=\u00bb0&#8243; shift_y_down=\u00bb0&#8243; z_index=\u00bb0&#8243; width=\u00bb1\/3&#8243;][vc_icon icon=\u00bbfa fa-language\u00bb icon_color=\u00bbaccent\u00bb size=\u00bbfa-3x\u00bb title=\u00bbINTERNACIONAL\u00bb]Equipo profesional multiling\u00fce: ingl\u00e9s, espa\u00f1ol, alem\u00e1n, ruso[\/vc_icon][\/vc_column][\/vc_row][vc_row row_height_percent=\u00bb0&#8243; back_color=\u00bbcolor-lxmt\u00bb overlay_color=\u00bbaccent\u00bb overlay_alpha=\u00bb20&#8243; gutter_size=\u00bb3&#8243; column_width_percent=\u00bb100&#8243; mobile_visibility=\u00bbyes\u00bb shift_y=\u00bb0&#8243; z_index=\u00bb0&#8243;][vc_column column_width_percent=\u00bb100&#8243; align_horizontal=\u00bbalign_center\u00bb style=\u00bblight\u00bb overlay_alpha=\u00bb50&#8243; gutter_size=\u00bb3&#8243; medium_width=\u00bb0&#8243; mobile_width=\u00bb0&#8243; shift_x=\u00bb0&#8243; shift_y=\u00bb0&#8243; shift_y_down=\u00bb0&#8243; z_index=\u00bb0&#8243; width=\u00bb1\/3&#8243;][vc_icon icon=\u00bbfa fa-phone-outline\u00bb icon_color=\u00bbaccent\u00bb size=\u00bbfa-3x\u00bb title=\u00bbDISPONIBILIDAD\u00bb]Estamos en Marbella y disponibles 24\u00d77 para nuestros clientes[\/vc_icon][\/vc_column][vc_column column_width_percent=\u00bb100&#8243; align_horizontal=\u00bbalign_center\u00bb style=\u00bblight\u00bb overlay_alpha=\u00bb50&#8243; gutter_size=\u00bb3&#8243; medium_width=\u00bb0&#8243; mobile_width=\u00bb0&#8243; shift_x=\u00bb0&#8243; shift_y=\u00bb0&#8243; shift_y_down=\u00bb0&#8243; z_index=\u00bb0&#8243; width=\u00bb1\/3&#8243;][vc_icon icon=\u00bbfa fa-stopwatch\u00bb icon_color=\u00bbaccent\u00bb size=\u00bbfa-3x\u00bb title=\u00bbEFICAZ\u00bb]Entendemos que su tiempo es valioso, y nos encargamos de toda la planificaci\u00f3n detallada y extensa para garantizar que sus vacaciones sean el viaje de su vida.[\/vc_icon][vc_empty_space empty_h=\u00bb2&#8243;][\/vc_column][vc_column column_width_percent=\u00bb100&#8243; align_horizontal=\u00bbalign_center\u00bb style=\u00bblight\u00bb overlay_alpha=\u00bb50&#8243; gutter_size=\u00bb3&#8243; medium_width=\u00bb0&#8243; mobile_width=\u00bb0&#8243; shift_x=\u00bb0&#8243; shift_y=\u00bb0&#8243; shift_y_down=\u00bb0&#8243; z_index=\u00bb0&#8243; width=\u00bb1\/3&#8243;][vc_icon icon=\u00bbfa fa-eye\u00bb icon_color=\u00bbaccent\u00bb size=\u00bbfa-3x\u00bb title=\u00bbREVISADO\u00bb]Hemos visitado y seleccionado personalmente todos nuestros proveedores, atracciones, restaurantes y actividades.[\/vc_icon][\/vc_column][\/vc_row]<\/p>\n<\/div>","protected":false},"excerpt":{"rendered":"<p>[vc_row row_height_percent=\u00bb0&#8243; override_padding=\u00bbyes\u00bb h_padding=\u00bb2&#8243; top_padding=\u00bb3&#8243; bottom_padding=\u00bb3&#8243; back_color=\u00bbcolor-rgdb\u00bb overlay_alpha=\u00bb70&#8243; equal_height=\u00bbyes\u00bb gutter_size=\u00bb4&#8243; column_width_percent=\u00bb100&#8243; border_color=\u00bbcolor-gyho\u00bb mobile_visibility=\u00bbyes\u00bb shift_y=\u00bb0&#8243; z_index=\u00bb0&#8243; style=\u00bbinherited\u00bb css=\u00bb.vc_custom_1651081402716{border-bottom-width: 1px !important;}\u00bb][vc_column column_width_percent=\u00bb100&#8243; [&hellip;]<\/p>\n","protected":false},"author":3,"featured_media":93608,"parent":0,"menu_order":0,"comment_status":"closed","ping_status":"closed","template":"","meta":{"footnotes":"","_glsr_average":0,"_glsr_ranking":0,"_glsr_reviews":0},"acf":[],"_links":{"self":[{"href":"https:\/\/marbellainstyle.com\/es\/wp-json\/wp\/v2\/pages\/56470"}],"collection":[{"href":"https:\/\/marbellainstyle.com\/es\/wp-json\/wp\/v2\/pages"}],"about":[{"href":"https:\/\/marbellainstyle.com\/es\/wp-json\/wp\/v2\/types\/page"}],"author":[{"embeddable":true,"href":"https:\/\/marbellainstyle.com\/es\/wp-json\/wp\/v2\/users\/3"}],"replies":[{"embeddable":true,"href":"https:\/\/marbellainstyle.com\/es\/wp-json\/wp\/v2\/comments?post=56470"}],"version-history":[{"count":34,"href":"https:\/\/marbellainstyle.com\/es\/wp-json\/wp\/v2\/pages\/56470\/revisions"}],"predecessor-version":[{"id":115777,"href":"https:\/\/marbellainstyle.com\/es\/wp-json\/wp\/v2\/pages\/56470\/revisions\/115777"}],"wp:featuredmedia":[{"embeddable":true,"href":"https:\/\/marbellainstyle.com\/es\/wp-json\/wp\/v2\/media\/93608"}],"wp:attachment":[{"href":"https:\/\/marbellainstyle.com\/es\/wp-json\/wp\/v2\/media?parent=56470"}],"curies":[{"name":"wp","href":"https:\/\/api.w.org\/{rel}","templated":true}]}}