{"id":58809,"date":"2016-12-12T21:13:01","date_gmt":"2016-12-12T21:13:01","guid":{"rendered":"http:\/\/s668976472.mialojamiento.es\/about-us\/"},"modified":"2019-10-16T08:22:44","modified_gmt":"2019-10-16T07:22:44","slug":"ueber-uns","status":"publish","type":"page","link":"https:\/\/marbellainstyle.com\/de\/ueber-uns\/","title":{"rendered":"\u00dcber uns"},"content":{"rendered":"<div class=\"wpb-content-wrapper\"><p>[vc_row row_height_percent=&#8220;0&#8243; override_padding=&#8220;yes&#8220; h_padding=&#8220;2&#8243; top_padding=&#8220;3&#8243; bottom_padding=&#8220;3&#8243; overlay_color=&#8220;color-xsdn&#8220; overlay_alpha=&#8220;70&#8243; equal_height=&#8220;yes&#8220; gutter_size=&#8220;4&#8243; border_color=&#8220;color-gyho&#8220; border_style=&#8220;solid&#8220; shift_y=&#8220;0&#8243; style=&#8220;inherited&#8220; css=&#8220;.vc_custom_1479167367841{border-bottom-width: 1px !important;}&#8220;][vc_column column_width_percent=&#8220;100&#8243; overlay_alpha=&#8220;50&#8243; gutter_size=&#8220;1&#8243; medium_width=&#8220;0&#8243; shift_x=&#8220;0&#8243; shift_y=&#8220;0&#8243; z_index=&#8220;0&#8243; width=&#8220;2\/3&#8243;][vc_custom_heading heading_semantic=&#8220;h1&#8243; text_space=&#8220;fontspace-210350&#8243; text_weight=&#8220;600&#8243; text_transform=&#8220;uppercase&#8220; separator=&#8220;yes&#8220; separator_color=&#8220;yes&#8220; sub_lead=&#8220;yes&#8220;]\u00dcber uns[\/vc_custom_heading][vc_empty_space empty_h=&#8220;2&#8243;][vc_column_text]Marbella In Style ist ein junges Unternehmen, geleitet von einem jungen internationalen Team, welches sich mit der Organisation von Individual Reisen und exklusiven Themen-Tourismus befasst und auch Special Events organisiert.<\/p>\n<p>Aufgrund unserer langj\u00e4hrigen Erfahrungen und unseren pers\u00f6nlichen aufgebauten Netzwerk von exklusiven Kontakten in Marbella, sind wir in der Lage, unseren Kunden eine einmalige und unvergessliche Reisen anzubieten.<\/p>\n<p>Wir garantieren erstklassige Unterbringung und alle Optionen zum Zugriff auf die attraktivsten und besten Dienstleistungen in der Tourismusbranche.<\/p>\n<p>Alle unsere Angebote sind einzig, individualbezogen und haben einen hohen Standard. Wir stehen zu Ihrer Verf\u00fcgung, sei es um simple Fragen zu beantworten, Zweifel aus dem Weg zu r\u00e4umen, oder eine exklusive Reise f\u00fcr Sie vorzubereiten.[\/vc_column_text][vc_empty_space empty_h=&#8220;3&#8243;][\/vc_column][vc_column column_width_percent=&#8220;50&#8243; back_image=&#8220;55268&#8243; back_repeat=&#8220;no-repeat&#8220; back_position=&#8220;center top&#8220; overlay_alpha=&#8220;50&#8243; gutter_size=&#8220;3&#8243; medium_width=&#8220;0&#8243; shift_x=&#8220;0&#8243; shift_y=&#8220;0&#8243; z_index=&#8220;0&#8243; zoom_width=&#8220;0&#8243; zoom_height=&#8220;0&#8243; width=&#8220;1\/3&#8243; back_size=&#8220;auto&#8220;][\/vc_column][\/vc_row][vc_row unlock_row_content=&#8220;yes&#8220; row_height_percent=&#8220;0&#8243; override_padding=&#8220;yes&#8220; h_padding=&#8220;0&#8243; top_padding=&#8220;5&#8243; bottom_padding=&#8220;5&#8243; back_color=&#8220;color-wayh&#8220; back_image=&#8220;55076&#8243; back_position=&#8220;center center&#8220; overlay_color=&#8220;accent&#8220; overlay_alpha=&#8220;90&#8243; gutter_size=&#8220;100&#8243; shift_y=&#8220;0&#8243; style=&#8220;inherited&#8220;][vc_column column_width_percent=&#8220;100&#8243; position_vertical=&#8220;middle&#8220; align_horizontal=&#8220;align_center&#8220; style=&#8220;dark&#8220; overlay_alpha=&#8220;100&#8243; gutter_size=&#8220;3&#8243; medium_width=&#8220;0&#8243; shift_x=&#8220;0&#8243; shift_y=&#8220;0&#8243; zoom_width=&#8220;0&#8243; zoom_height=&#8220;0&#8243; width=&#8220;1\/1&#8243;][vc_gallery el_id=&#8220;gallery-35677&#8243; type=&#8220;carousel&#8220; medias=&#8220;48818&#8243; carousel_lg=&#8220;1&#8243; carousel_md=&#8220;1&#8243; carousel_sm=&#8220;1&#8243; gutter_size=&#8220;0&#8243; media_items=&#8220;media|lightbox|original&#8220; carousel_type=&#8220;fade&#8220; carousel_interval=&#8220;5000&#8243; carousel_navspeed=&#8220;400&#8243; carousel_loop=&#8220;yes&#8220; carousel_nav=&#8220;yes&#8220; carousel_nav_mobile=&#8220;yes&#8220; carousel_autoh=&#8220;yes&#8220; carousel_textual=&#8220;yes&#8220; single_overlay_opacity=&#8220;50&#8243; single_padding=&#8220;2&#8243; single_title_dimension=&#8220;h4&#8243; single_title_height=&#8220;fontheight-524109&#8243; single_css_animation=&#8220;zoom-in&#8220; single_animation_delay=&#8220;200&#8243; carousel_twitter=&#8220;yes&#8220; title=&#8220;Testimonials&#8220; items=&#8220;eyIxMjE2NF9pIjp7InNpbmdsZV9pY29uIjoiIn0sIjEyMTY2X2kiOnsic2luZ2xlX2ljb24iOiIiLCJzaW5nbGVfbGF5b3V0IjoidGl0bGUsbWVkaWF8bGlnaHRib3h8b3JpZ2luYWwifSwiMTIxNjVfaSI6eyJzaW5nbGVfaWNvbiI6IiJ9fQ==&#8220;][\/vc_column][\/vc_row][vc_row unlock_row_content=&#8220;yes&#8220; row_height_percent=&#8220;0&#8243; override_padding=&#8220;yes&#8220; h_padding=&#8220;2&#8243; top_padding=&#8220;4&#8243; bottom_padding=&#8220;3&#8243; back_color=&#8220;color-lxmt&#8220; overlay_alpha=&#8220;0&#8243; gutter_size=&#8220;3&#8243; shift_y=&#8220;0&#8243; style=&#8220;inherited&#8220;][vc_column column_width_percent=&#8220;100&#8243; position_vertical=&#8220;middle&#8220; align_horizontal=&#8220;align_center&#8220; font_family=&#8220;font-762333&#8243; overlay_alpha=&#8220;100&#8243; gutter_size=&#8220;3&#8243; medium_width=&#8220;0&#8243; shift_x=&#8220;0&#8243; shift_y=&#8220;0&#8243; z_index=&#8220;0&#8243; zoom_width=&#8220;0&#8243; zoom_height=&#8220;0&#8243; width=&#8220;1\/1&#8243;][vc_custom_heading heading_semantic=&#8220;h3&#8243; text_size=&#8220;h3&#8243; text_space=&#8220;fontspace-210350&#8243; text_transform=&#8220;uppercase&#8220;]Neuigkeiten aus unserem Blog[\/vc_custom_heading][\/vc_column][\/vc_row][vc_row unlock_row_content=&#8220;yes&#8220; row_height_percent=&#8220;0&#8243; override_padding=&#8220;yes&#8220; h_padding=&#8220;0&#8243; top_padding=&#8220;0&#8243; bottom_padding=&#8220;3&#8243; back_color=&#8220;color-lxmt&#8220; overlay_alpha=&#8220;100&#8243; gutter_size=&#8220;100&#8243; shift_y=&#8220;0&#8243; style=&#8220;inherited&#8220;][vc_column column_width_use_pixel=&#8220;yes&#8220; font_family=&#8220;font-762333&#8243; overlay_alpha=&#8220;50&#8243; gutter_size=&#8220;3&#8243; medium_width=&#8220;0&#8243; shift_x=&#8220;0&#8243; shift_y=&#8220;0&#8243; z_index=&#8220;0&#8243; zoom_width=&#8220;0&#8243; zoom_height=&#8220;0&#8243; width=&#8220;1\/1&#8243; column_width_pixel=&#8220;1500&#8243;][uncode_index el_id=&#8220;index-73887442500238&#8243; index_type=&#8220;carousel&#8220; loop=&#8220;size:9|order_by:date|order:DESC|by_id:-20520,-4636,-4629,-4245,-4241&#8243; carousel_lg=&#8220;3&#8243; carousel_md=&#8220;2&#8243; carousel_sm=&#8220;1&#8243; thumb_size=&#8220;two-one&#8220; gutter_size=&#8220;3&#8243; inner_padding=&#8220;yes&#8220; post_items=&#8220;icon,title,text|excerpt|120,spacer|one,author&#8220; carousel_height=&#8220;equal&#8220; carousel_interval=&#8220;0&#8243; carousel_navspeed=&#8220;400&#8243; carousel_nav=&#8220;yes&#8220; carousel_nav_skin=&#8220;dark&#8220; carousel_dots=&#8220;yes&#8220; carousel_dots_mobile=&#8220;yes&#8220; single_back_color=&#8220;color-xsdn&#8220; single_shape=&#8220;round&#8220; single_overlay_color=&#8220;color-jevc&#8220; single_overlay_opacity=&#8220;80&#8243; single_text_anim_type=&#8220;btt&#8220; single_image_coloration=&#8220;desaturated&#8220; single_image_anim=&#8220;no&#8220; single_padding=&#8220;3&#8243; single_title_transform=&#8220;uppercase&#8220; single_title_dimension=&#8220;h4&#8243; single_title_space=&#8220;fontspace-210350&#8243; single_border=&#8220;yes&#8220; single_css_animation=&#8220;zoom-in&#8220; single_animation_delay=&#8220;200&#8243; custom_order=&#8220;yes&#8220; footer_position=&#8220;left&#8220; carousel_rtl=&#8220;&#8220; single_title_serif=&#8220;&#8220; single_no_background=&#8220;&#8220; title=&#8220;Blog Preview&#8220; order_ids=&#8220;20528,4225,4252,20518,4193,4229,4254&#8243; single_icon=&#8220;fa fa-plus2&#8243;][vc_empty_space empty_h=&#8220;2&#8243; desktop_visibility=&#8220;yes&#8220; medium_visibility=&#8220;yes&#8220;][\/vc_column][\/vc_row]<\/p>\n<\/div>","protected":false},"excerpt":{"rendered":"<p>[vc_row row_height_percent=&#8220;0&#8243; override_padding=&#8220;yes&#8220; h_padding=&#8220;2&#8243; top_padding=&#8220;3&#8243; bottom_padding=&#8220;3&#8243; overlay_color=&#8220;color-xsdn&#8220; overlay_alpha=&#8220;70&#8243; equal_height=&#8220;yes&#8220; gutter_size=&#8220;4&#8243; border_color=&#8220;color-gyho&#8220; border_style=&#8220;solid&#8220; shift_y=&#8220;0&#8243; style=&#8220;inherited&#8220; css=&#8220;.vc_custom_1479167367841{border-bottom-width: 1px !important;}&#8220;][vc_column column_width_percent=&#8220;100&#8243; overlay_alpha=&#8220;50&#8243; gutter_size=&#8220;1&#8243; [&hellip;]<\/p>\n","protected":false},"author":3,"featured_media":57336,"parent":0,"menu_order":0,"comment_status":"closed","ping_status":"closed","template":"","meta":{"footnotes":"","_glsr_average":0,"_glsr_ranking":0,"_glsr_reviews":0},"acf":[],"_links":{"self":[{"href":"https:\/\/marbellainstyle.com\/de\/wp-json\/wp\/v2\/pages\/58809"}],"collection":[{"href":"https:\/\/marbellainstyle.com\/de\/wp-json\/wp\/v2\/pages"}],"about":[{"href":"https:\/\/marbellainstyle.com\/de\/wp-json\/wp\/v2\/types\/page"}],"author":[{"embeddable":true,"href":"https:\/\/marbellainstyle.com\/de\/wp-json\/wp\/v2\/users\/3"}],"replies":[{"embeddable":true,"href":"https:\/\/marbellainstyle.com\/de\/wp-json\/wp\/v2\/comments?post=58809"}],"version-history":[{"count":2,"href":"https:\/\/marbellainstyle.com\/de\/wp-json\/wp\/v2\/pages\/58809\/revisions"}],"predecessor-version":[{"id":58812,"href":"https:\/\/marbellainstyle.com\/de\/wp-json\/wp\/v2\/pages\/58809\/revisions\/58812"}],"wp:featuredmedia":[{"embeddable":true,"href":"https:\/\/marbellainstyle.com\/de\/wp-json\/wp\/v2\/media\/57336"}],"wp:attachment":[{"href":"https:\/\/marbellainstyle.com\/de\/wp-json\/wp\/v2\/media?parent=58809"}],"curies":[{"name":"wp","href":"https:\/\/api.w.org\/{rel}","templated":true}]}}