{"id":56799,"date":"2014-12-13T01:47:04","date_gmt":"2014-12-13T00:47:04","guid":{"rendered":"http:\/\/s668976472.mialojamiento.es\/contact\/"},"modified":"2023-02-17T14:27:54","modified_gmt":"2023-02-17T14:27:54","slug":"kontakt","status":"publish","type":"page","link":"https:\/\/marbellainstyle.com\/de\/kontakt\/","title":{"rendered":"Kontakt"},"content":{"rendered":"<div class=\"wpb-content-wrapper\"><p>[vc_row unlock_row=&#8220;&#8220; row_height_percent=&#8220;0&#8243; override_padding=&#8220;yes&#8220; h_padding=&#8220;2&#8243; top_padding=&#8220;3&#8243; bottom_padding=&#8220;3&#8243; overlay_alpha=&#8220;100&#8243; gutter_size=&#8220;3&#8243; shift_y=&#8220;0&#8243;][vc_column column_width_percent=&#8220;90&#8243; position_horizontal=&#8220;left&#8220; overlay_alpha=&#8220;100&#8243; gutter_size=&#8220;3&#8243; medium_width=&#8220;5&#8243; shift_x=&#8220;0&#8243; shift_y=&#8220;0&#8243; zoom_width=&#8220;0&#8243; zoom_height=&#8220;0&#8243; width=&#8220;7\/12&#8243;][vc_custom_heading text_size=&#8220;h4&#8243; text_font=&#8220;font-762333&#8243; text_transform=&#8220;capitalize&#8220; text_align=&#8220;text-left&#8220; text_uppercase=&#8220;&#8220;]M\u00d6CHTEN SIE WEITERE INFORMATIONEN ERHALTEN?[\/vc_custom_heading][vc_separator][vc_column_text]Benutzen Sie das Kontaktformular, um uns eine Anfrage zu hinterlassen oder fragen Sie uns eine Frage, die Sie \u00fcber unsere Dienstleistungen haben k\u00f6nnen. Wir werden uns bald bei Ihnen melden.[\/vc_column_text]\n<div class=\"wpcf7 no-js\" id=\"wpcf7-f58776-o1\" lang=\"en-US\" dir=\"ltr\">\n<div class=\"screen-reader-response\"><p role=\"status\" aria-live=\"polite\" aria-atomic=\"true\"><\/p> <ul><\/ul><\/div>\n<form action=\"\/de\/wp-json\/wp\/v2\/pages\/56799#wpcf7-f58776-o1\" method=\"post\" class=\"wpcf7-form init\" aria-label=\"Contact form\" novalidate=\"novalidate\" data-status=\"init\">\n<div style=\"display: none;\">\n<input type=\"hidden\" name=\"_wpcf7\" value=\"58776\" \/>\n<input type=\"hidden\" name=\"_wpcf7_version\" value=\"5.8.6\" \/>\n<input type=\"hidden\" name=\"_wpcf7_locale\" value=\"en_US\" \/>\n<input type=\"hidden\" name=\"_wpcf7_unit_tag\" value=\"wpcf7-f58776-o1\" \/>\n<input type=\"hidden\" name=\"_wpcf7_container_post\" value=\"0\" \/>\n<input type=\"hidden\" name=\"_wpcf7_posted_data_hash\" value=\"\" \/>\n<input type=\"hidden\" name=\"_wpcf7_recaptcha_response\" value=\"\" \/>\n<\/div>\n<p><span class=\"wpcf7-form-control-wrap\" data-name=\"your-firstname\"><input size=\"40\" class=\"wpcf7-form-control wpcf7-text wpcf7-validates-as-required form-fluid\" aria-required=\"true\" aria-invalid=\"false\" placeholder=\"Dein Name\" value=\"\" type=\"text\" name=\"your-firstname\" \/><\/span>\n<\/p>\n<p><span class=\"wpcf7-form-control-wrap\" data-name=\"your-email\"><input size=\"40\" class=\"wpcf7-form-control wpcf7-email wpcf7-validates-as-required wpcf7-text wpcf7-validates-as-email form-fluid\" aria-required=\"true\" aria-invalid=\"false\" placeholder=\"Dein Email\" value=\"\" type=\"email\" name=\"your-email\" \/><\/span>\n<\/p>\n<p><span class=\"wpcf7-form-control-wrap\" data-name=\"your-message\"><textarea cols=\"40\" rows=\"8\" class=\"wpcf7-form-control wpcf7-textarea\" aria-invalid=\"false\" placeholder=\"Ihre Nachricht\" name=\"your-message\"><\/textarea><\/span>\n<\/p>\n<p><span id=\"wpcf7-69e76c7acfc23-wrapper\" class=\"wpcf7-form-control-wrap honeypot-900-wrap\" style=\"display:none !important; visibility:hidden !important;\"><input type=\"hidden\" name=\"honeypot-900-time-start\" value=\"1776774266\"><input type=\"hidden\" name=\"honeypot-900-time-check\" value=\"8\"><label for=\"wpcf7-69e76c7acfc23-field\" class=\"hp-message\">Please leave this field empty.<\/label><input id=\"wpcf7-69e76c7acfc23-field\"  class=\"wpcf7-form-control wpcf7-text\" type=\"text\" name=\"honeypot-900\" value=\"\" size=\"40\" tabindex=\"-1\" autocomplete=\"off\" \/><\/span><br \/>\n[anr_nocaptcha g-recaptcha-response]\n<\/p>\n<p><input class=\"wpcf7-form-control wpcf7-submit has-spinner btn btn-accent btn-square\" type=\"submit\" value=\"Senden\" \/>\n<\/p><div class=\"wpcf7-response-output\" aria-hidden=\"true\"><\/div>\n<\/form>\n<\/div>\n[vc_column_text el_class=&#8220;small&#8220;]In \u00dcbereinstimmung mit den Bestimmungen des Organgesetzes 15\/1999 zum Schutz personenbezogener Daten \u00fcbernimmt MS TRAVEL &amp; LIFESTYLE S.L. informiert den Benutzer seiner Websites dar\u00fcber, dass die personenbezogenen Daten, die das Unternehmen mit Hilfe der auf diesen Websites enthaltenen Formulare erh\u00e4lt, in eine Datei aufgenommen werden, die MS TRAVEL &amp; LIFESTYLE S.L. ist verantwortlich, mit dem Ziel, die zwischen den Parteien getroffenen Vereinbarungen zu erreichen, zu beschleunigen und zu erf\u00fcllen.[\/vc_column_text][\/vc_column][vc_column column_width_percent=&#8220;100&#8243; position_horizontal=&#8220;left&#8220; overlay_alpha=&#8220;100&#8243; gutter_size=&#8220;3&#8243; medium_width=&#8220;3&#8243; shift_x=&#8220;0&#8243; shift_y=&#8220;0&#8243; zoom_width=&#8220;0&#8243; zoom_height=&#8220;0&#8243; width=&#8220;5\/12&#8243;][vc_custom_heading text_size=&#8220;h4&#8243; text_font=&#8220;font-762333&#8243; text_transform=&#8220;capitalize&#8220; text_align=&#8220;text-left&#8220; text_uppercase=&#8220;&#8220;]ADRESSE[\/vc_custom_heading][vc_column_text]CC Monte Halcones, local 8<br \/>\n29679 Benahav\u00eds, M\u00e1laga<\/p>\n<p>Email: operations@marbellainstyle.com<br \/>\nTelefon: +34 951 983 679[\/vc_column_text][vc_separator][vc_button border_width=&#8220;0&#8243; link=&#8220;url:https%3A%2F%2Fwa.me%2F34699602927||target:%20_blank|&#8220; icon=&#8220;fa fa-whatsapp&#8220;]WhatsApp Uns[\/vc_button][vc_separator][\/vc_column][\/vc_row][vc_row unlock_row_content=&#8220;yes&#8220; row_height_percent=&#8220;0&#8243; override_padding=&#8220;yes&#8220; h_padding=&#8220;2&#8243; top_padding=&#8220;4&#8243; bottom_padding=&#8220;3&#8243; back_color=&#8220;color-lxmt&#8220; overlay_alpha=&#8220;0&#8243; gutter_size=&#8220;3&#8243; shift_y=&#8220;0&#8243; style=&#8220;inherited&#8220;][vc_column column_width_percent=&#8220;100&#8243; position_vertical=&#8220;middle&#8220; align_horizontal=&#8220;align_center&#8220; font_family=&#8220;font-762333&#8243; overlay_alpha=&#8220;100&#8243; gutter_size=&#8220;3&#8243; medium_width=&#8220;0&#8243; shift_x=&#8220;0&#8243; shift_y=&#8220;0&#8243; z_index=&#8220;0&#8243; zoom_width=&#8220;0&#8243; zoom_height=&#8220;0&#8243; width=&#8220;1\/1&#8243;][vc_custom_heading heading_semantic=&#8220;h3&#8243; text_size=&#8220;h3&#8243; text_space=&#8220;fontspace-210350&#8243; text_transform=&#8220;uppercase&#8220;]Neuigkeiten aus unserem Blog[\/vc_custom_heading][\/vc_column][\/vc_row][vc_row unlock_row_content=&#8220;yes&#8220; row_height_percent=&#8220;0&#8243; override_padding=&#8220;yes&#8220; h_padding=&#8220;0&#8243; top_padding=&#8220;0&#8243; bottom_padding=&#8220;3&#8243; back_color=&#8220;color-lxmt&#8220; overlay_alpha=&#8220;100&#8243; gutter_size=&#8220;100&#8243; shift_y=&#8220;0&#8243; style=&#8220;inherited&#8220;][vc_column column_width_use_pixel=&#8220;yes&#8220; font_family=&#8220;font-762333&#8243; overlay_alpha=&#8220;50&#8243; gutter_size=&#8220;3&#8243; medium_width=&#8220;0&#8243; shift_x=&#8220;0&#8243; shift_y=&#8220;0&#8243; z_index=&#8220;0&#8243; zoom_width=&#8220;0&#8243; zoom_height=&#8220;0&#8243; width=&#8220;1\/1&#8243; column_width_pixel=&#8220;1500&#8243;][uncode_index el_id=&#8220;index-73887442500238&#8243; index_type=&#8220;carousel&#8220; loop=&#8220;size:9|order_by:date|order:DESC|by_id:-20520,-4636,-4629,-4245,-4241&#8243; carousel_lg=&#8220;3&#8243; carousel_md=&#8220;2&#8243; carousel_sm=&#8220;1&#8243; thumb_size=&#8220;two-one&#8220; gutter_size=&#8220;3&#8243; inner_padding=&#8220;yes&#8220; post_items=&#8220;icon,title,text|excerpt|120,spacer|one,author&#8220; carousel_height=&#8220;equal&#8220; carousel_interval=&#8220;0&#8243; carousel_navspeed=&#8220;400&#8243; carousel_nav=&#8220;yes&#8220; carousel_nav_skin=&#8220;dark&#8220; carousel_dots=&#8220;yes&#8220; carousel_dots_mobile=&#8220;yes&#8220; single_back_color=&#8220;color-xsdn&#8220; single_shape=&#8220;round&#8220; single_overlay_color=&#8220;color-jevc&#8220; single_overlay_opacity=&#8220;80&#8243; single_text_anim_type=&#8220;btt&#8220; single_image_coloration=&#8220;desaturated&#8220; single_image_anim=&#8220;no&#8220; single_padding=&#8220;3&#8243; single_title_transform=&#8220;uppercase&#8220; single_title_dimension=&#8220;h4&#8243; single_title_space=&#8220;fontspace-210350&#8243; single_border=&#8220;yes&#8220; single_css_animation=&#8220;zoom-in&#8220; single_animation_delay=&#8220;200&#8243; custom_order=&#8220;yes&#8220; footer_position=&#8220;left&#8220; carousel_rtl=&#8220;&#8220; single_title_serif=&#8220;&#8220; single_no_background=&#8220;&#8220; title=&#8220;Blog Preview&#8220; order_ids=&#8220;20528,4225,4252,20518,4193,4229,4254&#8243; single_icon=&#8220;fa fa-plus2&#8243;][vc_empty_space empty_h=&#8220;2&#8243; desktop_visibility=&#8220;yes&#8220; medium_visibility=&#8220;yes&#8220;][\/vc_column][\/vc_row]<\/p>\n<\/div>","protected":false},"excerpt":{"rendered":"<p>[vc_row unlock_row=&#8220;&#8220; row_height_percent=&#8220;0&#8243; override_padding=&#8220;yes&#8220; h_padding=&#8220;2&#8243; top_padding=&#8220;3&#8243; bottom_padding=&#8220;3&#8243; overlay_alpha=&#8220;100&#8243; gutter_size=&#8220;3&#8243; shift_y=&#8220;0&#8243;][vc_column column_width_percent=&#8220;90&#8243; position_horizontal=&#8220;left&#8220; overlay_alpha=&#8220;100&#8243; gutter_size=&#8220;3&#8243; medium_width=&#8220;5&#8243; shift_x=&#8220;0&#8243; shift_y=&#8220;0&#8243; zoom_width=&#8220;0&#8243; zoom_height=&#8220;0&#8243; width=&#8220;7\/12&#8243;][vc_custom_heading [&hellip;]<\/p>\n","protected":false},"author":3,"featured_media":62359,"parent":0,"menu_order":0,"comment_status":"open","ping_status":"closed","template":"","meta":{"footnotes":"","_glsr_average":0,"_glsr_ranking":0,"_glsr_reviews":0},"acf":[],"_links":{"self":[{"href":"https:\/\/marbellainstyle.com\/de\/wp-json\/wp\/v2\/pages\/56799"}],"collection":[{"href":"https:\/\/marbellainstyle.com\/de\/wp-json\/wp\/v2\/pages"}],"about":[{"href":"https:\/\/marbellainstyle.com\/de\/wp-json\/wp\/v2\/types\/page"}],"author":[{"embeddable":true,"href":"https:\/\/marbellainstyle.com\/de\/wp-json\/wp\/v2\/users\/3"}],"replies":[{"embeddable":true,"href":"https:\/\/marbellainstyle.com\/de\/wp-json\/wp\/v2\/comments?post=56799"}],"version-history":[{"count":6,"href":"https:\/\/marbellainstyle.com\/de\/wp-json\/wp\/v2\/pages\/56799\/revisions"}],"predecessor-version":[{"id":117258,"href":"https:\/\/marbellainstyle.com\/de\/wp-json\/wp\/v2\/pages\/56799\/revisions\/117258"}],"wp:featuredmedia":[{"embeddable":true,"href":"https:\/\/marbellainstyle.com\/de\/wp-json\/wp\/v2\/media\/62359"}],"wp:attachment":[{"href":"https:\/\/marbellainstyle.com\/de\/wp-json\/wp\/v2\/media?parent=56799"}],"curies":[{"name":"wp","href":"https:\/\/api.w.org\/{rel}","templated":true}]}}